



{"id":6282,"date":"2024-08-15T11:53:04","date_gmt":"2024-08-15T09:53:04","guid":{"rendered":"https:\/\/jacotchocolaterie.ch\/produit\/bean-to-bar-madagascar-sambirano-65\/"},"modified":"2024-08-15T12:50:08","modified_gmt":"2024-08-15T10:50:08","slug":"bean-to-bar-madagascar-sambirano-65","status":"publish","type":"product","link":"https:\/\/jacotchocolaterie.ch\/de\/produit\/bean-to-bar-madagascar-sambirano-65\/","title":{"rendered":"Tafel Schokolade &#8211; Bean-to-Bar &#8211; Madagaskar Sambirano &#8211; 65% &#8211; 80g"},"content":{"rendered":"<p>Diese k\u00f6stliche Schokoladenkreation, geformt aus den prestigetr\u00e4chtigen Kakaosorten Criollo und Trinitario, die sorgf\u00e4ltig auf dem Land der Dom\u00e4ne Befojo angebaut werden, bietet eine unvergleichliche Kakaointensit\u00e4t, die durch zarte Aromen von tropischen Fr\u00fcchten und subtilen Gew\u00fcrzen hervorgehoben wird.<\/p>\n<p><strong>Haltbarkeit<\/strong>: 12 Monate<\/p>\n<p><strong>(11.87 CHF pro 100g)<\/strong><\/p>\n","protected":false},"excerpt":{"rendered":"<p>Diese k\u00f6stliche Schokoladenkreation, geformt aus den prestigetr\u00e4chtigen Kakaosorten Criollo und Trinitario, die sorgf\u00e4ltig auf dem Land der Dom\u00e4ne Befojo angebaut werden, bietet eine unvergleichliche Kakaointensit\u00e4t, die durch zarte Aromen von tropischen Fr\u00fcchten und subtilen Gew\u00fcrzen hervorgehoben wird. Haltbarkeit: 12 Monate (11.87 CHF pro 100g)<\/p>\n","protected":false},"featured_media":6079,"comment_status":"open","ping_status":"closed","template":"","meta":{"_acf_changed":false},"product_brand":[],"product_cat":[129],"product_tag":[],"class_list":{"0":"post-6282","1":"product","2":"type-product","3":"status-publish","4":"has-post-thumbnail","6":"product_cat-tafel-bean-to-bar","8":"first","9":"instock","10":"shipping-taxable","11":"purchasable","12":"product-type-simple"},"acf":[],"yoast_head":"<!-- This site is optimized with the Yoast SEO plugin v27.1.1 - https:\/\/yoast.com\/product\/yoast-seo-wordpress\/ -->\n<title>Tafel Schokolade - Bean-to-Bar - Madagaskar Sambirano - 65% - 80g - Jacot Haute Chocolaterie Suisse<\/title>\n<meta name=\"robots\" content=\"index, follow, max-snippet:-1, max-image-preview:large, max-video-preview:-1\" \/>\n<link rel=\"canonical\" href=\"https:\/\/jacotchocolaterie.ch\/de\/produit\/bean-to-bar-madagascar-sambirano-65\/\" \/>\n<meta property=\"og:locale\" content=\"de_DE\" \/>\n<meta property=\"og:type\" content=\"article\" \/>\n<meta property=\"og:title\" content=\"Tafel Schokolade - Bean-to-Bar - Madagaskar Sambirano - 65% - 80g - Jacot Haute Chocolaterie Suisse\" \/>\n<meta property=\"og:description\" content=\"Diese k\u00f6stliche Schokoladenkreation, geformt aus den prestigetr\u00e4chtigen Kakaosorten Criollo und Trinitario, die sorgf\u00e4ltig auf dem Land der Dom\u00e4ne Befojo angebaut werden, bietet eine unvergleichliche Kakaointensit\u00e4t, die durch zarte Aromen von tropischen Fr\u00fcchten und subtilen Gew\u00fcrzen hervorgehoben wird. Haltbarkeit: 12 Monate (11.87 CHF pro 100g)\" \/>\n<meta property=\"og:url\" content=\"https:\/\/jacotchocolaterie.ch\/de\/produit\/bean-to-bar-madagascar-sambirano-65\/\" \/>\n<meta property=\"og:site_name\" content=\"Jacot Haute Chocolaterie Suisse\" \/>\n<meta property=\"article:modified_time\" content=\"2024-08-15T10:50:08+00:00\" \/>\n<meta property=\"og:image\" content=\"https:\/\/jacotchocolaterie.ch\/wp-content\/uploads\/JCH-Madagascar-Sambirano-65.jpg\" \/>\n\t<meta property=\"og:image:width\" content=\"987\" \/>\n\t<meta property=\"og:image:height\" content=\"1938\" \/>\n\t<meta property=\"og:image:type\" content=\"image\/jpeg\" \/>\n<meta name=\"twitter:card\" content=\"summary_large_image\" \/>\n<meta name=\"twitter:label1\" content=\"Gesch\u00e4tzte Lesezeit\" \/>\n\t<meta name=\"twitter:data1\" content=\"1\u00a0Minute\" \/>\n<script type=\"application\/ld+json\" class=\"yoast-schema-graph\">{\"@context\":\"https:\/\/schema.org\",\"@graph\":[{\"@type\":\"WebPage\",\"@id\":\"https:\/\/jacotchocolaterie.ch\/de\/produit\/bean-to-bar-madagascar-sambirano-65\/\",\"url\":\"https:\/\/jacotchocolaterie.ch\/de\/produit\/bean-to-bar-madagascar-sambirano-65\/\",\"name\":\"Tafel Schokolade - Bean-to-Bar - Madagaskar Sambirano - 65% - 80g - Jacot Haute Chocolaterie Suisse\",\"isPartOf\":{\"@id\":\"https:\/\/jacotchocolaterie.ch\/#website\"},\"primaryImageOfPage\":{\"@id\":\"https:\/\/jacotchocolaterie.ch\/de\/produit\/bean-to-bar-madagascar-sambirano-65\/#primaryimage\"},\"image\":{\"@id\":\"https:\/\/jacotchocolaterie.ch\/de\/produit\/bean-to-bar-madagascar-sambirano-65\/#primaryimage\"},\"thumbnailUrl\":\"https:\/\/jacotchocolaterie.ch\/wp-content\/uploads\/JCH-Madagascar-Sambirano-65.jpg\",\"datePublished\":\"2024-08-15T09:53:04+00:00\",\"dateModified\":\"2024-08-15T10:50:08+00:00\",\"breadcrumb\":{\"@id\":\"https:\/\/jacotchocolaterie.ch\/de\/produit\/bean-to-bar-madagascar-sambirano-65\/#breadcrumb\"},\"inLanguage\":\"de\",\"potentialAction\":[{\"@type\":\"ReadAction\",\"target\":[\"https:\/\/jacotchocolaterie.ch\/de\/produit\/bean-to-bar-madagascar-sambirano-65\/\"]}]},{\"@type\":\"ImageObject\",\"inLanguage\":\"de\",\"@id\":\"https:\/\/jacotchocolaterie.ch\/de\/produit\/bean-to-bar-madagascar-sambirano-65\/#primaryimage\",\"url\":\"https:\/\/jacotchocolaterie.ch\/wp-content\/uploads\/JCH-Madagascar-Sambirano-65.jpg\",\"contentUrl\":\"https:\/\/jacotchocolaterie.ch\/wp-content\/uploads\/JCH-Madagascar-Sambirano-65.jpg\",\"width\":987,\"height\":1938},{\"@type\":\"BreadcrumbList\",\"@id\":\"https:\/\/jacotchocolaterie.ch\/de\/produit\/bean-to-bar-madagascar-sambirano-65\/#breadcrumb\",\"itemListElement\":[{\"@type\":\"ListItem\",\"position\":1,\"name\":\"Accueil\",\"item\":\"https:\/\/jacotchocolaterie.ch\/de\/\"},{\"@type\":\"ListItem\",\"position\":2,\"name\":\"Shop\",\"item\":\"https:\/\/jacotchocolaterie.ch\/de\/\"},{\"@type\":\"ListItem\",\"position\":3,\"name\":\"Tafel Schokolade &#8211; Bean-to-Bar &#8211; Madagaskar Sambirano &#8211; 65% &#8211; 80g\"}]},{\"@type\":\"WebSite\",\"@id\":\"https:\/\/jacotchocolaterie.ch\/#website\",\"url\":\"https:\/\/jacotchocolaterie.ch\/\",\"name\":\"Jacot Haute Chocolaterie Suisse\",\"description\":\"Jacot Haute Chocolaterie vous invite \u00e0 voyager au coeur de saveurs chocolat\u00e9es\",\"potentialAction\":[{\"@type\":\"SearchAction\",\"target\":{\"@type\":\"EntryPoint\",\"urlTemplate\":\"https:\/\/jacotchocolaterie.ch\/?s={search_term_string}\"},\"query-input\":{\"@type\":\"PropertyValueSpecification\",\"valueRequired\":true,\"valueName\":\"search_term_string\"}}],\"inLanguage\":\"de\"}]}<\/script>\n<!-- \/ Yoast SEO plugin. -->","yoast_head_json":{"title":"Tafel Schokolade - Bean-to-Bar - Madagaskar Sambirano - 65% - 80g - Jacot Haute Chocolaterie Suisse","robots":{"index":"index","follow":"follow","max-snippet":"max-snippet:-1","max-image-preview":"max-image-preview:large","max-video-preview":"max-video-preview:-1"},"canonical":"https:\/\/jacotchocolaterie.ch\/de\/produit\/bean-to-bar-madagascar-sambirano-65\/","og_locale":"de_DE","og_type":"article","og_title":"Tafel Schokolade - Bean-to-Bar - Madagaskar Sambirano - 65% - 80g - Jacot Haute Chocolaterie Suisse","og_description":"Diese k\u00f6stliche Schokoladenkreation, geformt aus den prestigetr\u00e4chtigen Kakaosorten Criollo und Trinitario, die sorgf\u00e4ltig auf dem Land der Dom\u00e4ne Befojo angebaut werden, bietet eine unvergleichliche Kakaointensit\u00e4t, die durch zarte Aromen von tropischen Fr\u00fcchten und subtilen Gew\u00fcrzen hervorgehoben wird. Haltbarkeit: 12 Monate (11.87 CHF pro 100g)","og_url":"https:\/\/jacotchocolaterie.ch\/de\/produit\/bean-to-bar-madagascar-sambirano-65\/","og_site_name":"Jacot Haute Chocolaterie Suisse","article_modified_time":"2024-08-15T10:50:08+00:00","og_image":[{"width":987,"height":1938,"url":"https:\/\/jacotchocolaterie.ch\/wp-content\/uploads\/JCH-Madagascar-Sambirano-65.jpg","type":"image\/jpeg"}],"twitter_card":"summary_large_image","twitter_misc":{"Gesch\u00e4tzte Lesezeit":"1\u00a0Minute"},"schema":{"@context":"https:\/\/schema.org","@graph":[{"@type":"WebPage","@id":"https:\/\/jacotchocolaterie.ch\/de\/produit\/bean-to-bar-madagascar-sambirano-65\/","url":"https:\/\/jacotchocolaterie.ch\/de\/produit\/bean-to-bar-madagascar-sambirano-65\/","name":"Tafel Schokolade - Bean-to-Bar - Madagaskar Sambirano - 65% - 80g - Jacot Haute Chocolaterie Suisse","isPartOf":{"@id":"https:\/\/jacotchocolaterie.ch\/#website"},"primaryImageOfPage":{"@id":"https:\/\/jacotchocolaterie.ch\/de\/produit\/bean-to-bar-madagascar-sambirano-65\/#primaryimage"},"image":{"@id":"https:\/\/jacotchocolaterie.ch\/de\/produit\/bean-to-bar-madagascar-sambirano-65\/#primaryimage"},"thumbnailUrl":"https:\/\/jacotchocolaterie.ch\/wp-content\/uploads\/JCH-Madagascar-Sambirano-65.jpg","datePublished":"2024-08-15T09:53:04+00:00","dateModified":"2024-08-15T10:50:08+00:00","breadcrumb":{"@id":"https:\/\/jacotchocolaterie.ch\/de\/produit\/bean-to-bar-madagascar-sambirano-65\/#breadcrumb"},"inLanguage":"de","potentialAction":[{"@type":"ReadAction","target":["https:\/\/jacotchocolaterie.ch\/de\/produit\/bean-to-bar-madagascar-sambirano-65\/"]}]},{"@type":"ImageObject","inLanguage":"de","@id":"https:\/\/jacotchocolaterie.ch\/de\/produit\/bean-to-bar-madagascar-sambirano-65\/#primaryimage","url":"https:\/\/jacotchocolaterie.ch\/wp-content\/uploads\/JCH-Madagascar-Sambirano-65.jpg","contentUrl":"https:\/\/jacotchocolaterie.ch\/wp-content\/uploads\/JCH-Madagascar-Sambirano-65.jpg","width":987,"height":1938},{"@type":"BreadcrumbList","@id":"https:\/\/jacotchocolaterie.ch\/de\/produit\/bean-to-bar-madagascar-sambirano-65\/#breadcrumb","itemListElement":[{"@type":"ListItem","position":1,"name":"Accueil","item":"https:\/\/jacotchocolaterie.ch\/de\/"},{"@type":"ListItem","position":2,"name":"Shop","item":"https:\/\/jacotchocolaterie.ch\/de\/"},{"@type":"ListItem","position":3,"name":"Tafel Schokolade &#8211; Bean-to-Bar &#8211; Madagaskar Sambirano &#8211; 65% &#8211; 80g"}]},{"@type":"WebSite","@id":"https:\/\/jacotchocolaterie.ch\/#website","url":"https:\/\/jacotchocolaterie.ch\/","name":"Jacot Haute Chocolaterie Suisse","description":"Jacot Haute Chocolaterie vous invite \u00e0 voyager au coeur de saveurs chocolat\u00e9es","potentialAction":[{"@type":"SearchAction","target":{"@type":"EntryPoint","urlTemplate":"https:\/\/jacotchocolaterie.ch\/?s={search_term_string}"},"query-input":{"@type":"PropertyValueSpecification","valueRequired":true,"valueName":"search_term_string"}}],"inLanguage":"de"}]}},"_links":{"self":[{"href":"https:\/\/jacotchocolaterie.ch\/de\/wp-json\/wp\/v2\/product\/6282","targetHints":{"allow":["GET"]}}],"collection":[{"href":"https:\/\/jacotchocolaterie.ch\/de\/wp-json\/wp\/v2\/product"}],"about":[{"href":"https:\/\/jacotchocolaterie.ch\/de\/wp-json\/wp\/v2\/types\/product"}],"replies":[{"embeddable":true,"href":"https:\/\/jacotchocolaterie.ch\/de\/wp-json\/wp\/v2\/comments?post=6282"}],"wp:featuredmedia":[{"embeddable":true,"href":"https:\/\/jacotchocolaterie.ch\/de\/wp-json\/wp\/v2\/media\/6079"}],"wp:attachment":[{"href":"https:\/\/jacotchocolaterie.ch\/de\/wp-json\/wp\/v2\/media?parent=6282"}],"wp:term":[{"taxonomy":"product_brand","embeddable":true,"href":"https:\/\/jacotchocolaterie.ch\/de\/wp-json\/wp\/v2\/product_brand?post=6282"},{"taxonomy":"product_cat","embeddable":true,"href":"https:\/\/jacotchocolaterie.ch\/de\/wp-json\/wp\/v2\/product_cat?post=6282"},{"taxonomy":"product_tag","embeddable":true,"href":"https:\/\/jacotchocolaterie.ch\/de\/wp-json\/wp\/v2\/product_tag?post=6282"}],"curies":[{"name":"wp","href":"https:\/\/api.w.org\/{rel}","templated":true}]}}