



{"id":5494,"date":"2023-10-30T12:48:47","date_gmt":"2023-10-30T11:48:47","guid":{"rendered":"https:\/\/jacotchocolaterie.ch\/produit\/calendrier-de-lavent-24-pieces-xxx-g\/"},"modified":"2023-10-30T13:01:25","modified_gmt":"2023-10-30T12:01:25","slug":"adventskalender","status":"publish","type":"product","link":"https:\/\/jacotchocolaterie.ch\/de\/produit\/adventskalender\/","title":{"rendered":"Adventskalender &#8211; 24 St\u00fcck &#8211; 240g"},"content":{"rendered":"<p>Entdecken Sie jeden Tag eine k\u00f6stliche \u00dcberraschung mit unserem Adventskalender. Diese kostbare Schachtel enth\u00e4lt 24 exquisite Pralinen zum Genie\u00dfen.<br \/>\n<br \/> Tauchen Sie ein in die Spannung der Erwartung und lassen Sie sich von unseren Schokoladenkreationen verzaubern, die ein einzigartiges Geschmackserlebnis bieten, um den Zauber der Festtage zu feiern.<\/p>\n<p><strong>Haltbarkeit<\/strong>: 3 Monate<\/p>\n<p><strong>Einzelpreis<\/strong>: 18.75 CHF pro 100g<\/p>\n","protected":false},"excerpt":{"rendered":"<p>Entdecken Sie jeden Tag eine k\u00f6stliche \u00dcberraschung mit unserem Adventskalender. Diese kostbare Schachtel enth\u00e4lt 24 exquisite Pralinen zum Genie\u00dfen. Tauchen Sie ein in die Spannung der Erwartung und lassen Sie sich von unseren Schokoladenkreationen verzaubern, die ein einzigartiges Geschmackserlebnis bieten, um den Zauber der Festtage zu feiern. Haltbarkeit: 3 Monate Einzelpreis: 18.75 CHF pro 100g<\/p>\n","protected":false},"featured_media":5492,"comment_status":"open","ping_status":"closed","template":"","meta":{"_acf_changed":false},"product_brand":[],"product_cat":[125],"product_tag":[],"class_list":{"0":"post-5494","1":"product","2":"type-product","3":"status-publish","4":"has-post-thumbnail","6":"celebrations-weihnachten","7":"product_cat-weihnachten-de","9":"first","10":"outofstock","11":"shipping-taxable","12":"purchasable","13":"product-type-simple"},"acf":[],"yoast_head":"<!-- This site is optimized with the Yoast SEO plugin v27.1.1 - https:\/\/yoast.com\/product\/yoast-seo-wordpress\/ -->\n<title>Adventskalender - 24 St\u00fcck - 240g - Jacot Haute Chocolaterie Suisse<\/title>\n<meta name=\"robots\" content=\"index, follow, max-snippet:-1, max-image-preview:large, max-video-preview:-1\" \/>\n<link rel=\"canonical\" href=\"https:\/\/jacotchocolaterie.ch\/de\/produit\/adventskalender\/\" \/>\n<meta property=\"og:locale\" content=\"de_DE\" \/>\n<meta property=\"og:type\" content=\"article\" \/>\n<meta property=\"og:title\" content=\"Adventskalender - 24 St\u00fcck - 240g - Jacot Haute Chocolaterie Suisse\" \/>\n<meta property=\"og:description\" content=\"Entdecken Sie jeden Tag eine k\u00f6stliche \u00dcberraschung mit unserem Adventskalender. Diese kostbare Schachtel enth\u00e4lt 24 exquisite Pralinen zum Genie\u00dfen. Tauchen Sie ein in die Spannung der Erwartung und lassen Sie sich von unseren Schokoladenkreationen verzaubern, die ein einzigartiges Geschmackserlebnis bieten, um den Zauber der Festtage zu feiern. Haltbarkeit: 3 Monate Einzelpreis: 18.75 CHF pro 100g\" \/>\n<meta property=\"og:url\" content=\"https:\/\/jacotchocolaterie.ch\/de\/produit\/adventskalender\/\" \/>\n<meta property=\"og:site_name\" content=\"Jacot Haute Chocolaterie Suisse\" \/>\n<meta property=\"article:modified_time\" content=\"2023-10-30T12:01:25+00:00\" \/>\n<meta property=\"og:image\" content=\"https:\/\/jacotchocolaterie.ch\/wp-content\/uploads\/calendrier-de-lavent-apercu.jpg\" \/>\n\t<meta property=\"og:image:width\" content=\"379\" \/>\n\t<meta property=\"og:image:height\" content=\"677\" \/>\n\t<meta property=\"og:image:type\" content=\"image\/jpeg\" \/>\n<meta name=\"twitter:card\" content=\"summary_large_image\" \/>\n<meta name=\"twitter:label1\" content=\"Gesch\u00e4tzte Lesezeit\" \/>\n\t<meta name=\"twitter:data1\" content=\"1\u00a0Minute\" \/>\n<script type=\"application\/ld+json\" class=\"yoast-schema-graph\">{\"@context\":\"https:\/\/schema.org\",\"@graph\":[{\"@type\":\"WebPage\",\"@id\":\"https:\/\/jacotchocolaterie.ch\/de\/produit\/adventskalender\/\",\"url\":\"https:\/\/jacotchocolaterie.ch\/de\/produit\/adventskalender\/\",\"name\":\"Adventskalender - 24 St\u00fcck - 240g - Jacot Haute Chocolaterie Suisse\",\"isPartOf\":{\"@id\":\"https:\/\/jacotchocolaterie.ch\/#website\"},\"primaryImageOfPage\":{\"@id\":\"https:\/\/jacotchocolaterie.ch\/de\/produit\/adventskalender\/#primaryimage\"},\"image\":{\"@id\":\"https:\/\/jacotchocolaterie.ch\/de\/produit\/adventskalender\/#primaryimage\"},\"thumbnailUrl\":\"https:\/\/jacotchocolaterie.ch\/wp-content\/uploads\/calendrier-de-lavent-apercu.jpg\",\"datePublished\":\"2023-10-30T11:48:47+00:00\",\"dateModified\":\"2023-10-30T12:01:25+00:00\",\"breadcrumb\":{\"@id\":\"https:\/\/jacotchocolaterie.ch\/de\/produit\/adventskalender\/#breadcrumb\"},\"inLanguage\":\"de\",\"potentialAction\":[{\"@type\":\"ReadAction\",\"target\":[\"https:\/\/jacotchocolaterie.ch\/de\/produit\/adventskalender\/\"]}]},{\"@type\":\"ImageObject\",\"inLanguage\":\"de\",\"@id\":\"https:\/\/jacotchocolaterie.ch\/de\/produit\/adventskalender\/#primaryimage\",\"url\":\"https:\/\/jacotchocolaterie.ch\/wp-content\/uploads\/calendrier-de-lavent-apercu.jpg\",\"contentUrl\":\"https:\/\/jacotchocolaterie.ch\/wp-content\/uploads\/calendrier-de-lavent-apercu.jpg\",\"width\":379,\"height\":677},{\"@type\":\"BreadcrumbList\",\"@id\":\"https:\/\/jacotchocolaterie.ch\/de\/produit\/adventskalender\/#breadcrumb\",\"itemListElement\":[{\"@type\":\"ListItem\",\"position\":1,\"name\":\"Accueil\",\"item\":\"https:\/\/jacotchocolaterie.ch\/de\/\"},{\"@type\":\"ListItem\",\"position\":2,\"name\":\"Shop\",\"item\":\"https:\/\/jacotchocolaterie.ch\/de\/\"},{\"@type\":\"ListItem\",\"position\":3,\"name\":\"Adventskalender &#8211; 24 St\u00fcck &#8211; 240g\"}]},{\"@type\":\"WebSite\",\"@id\":\"https:\/\/jacotchocolaterie.ch\/#website\",\"url\":\"https:\/\/jacotchocolaterie.ch\/\",\"name\":\"Jacot Haute Chocolaterie Suisse\",\"description\":\"Jacot Haute Chocolaterie vous invite \u00e0 voyager au coeur de saveurs chocolat\u00e9es\",\"potentialAction\":[{\"@type\":\"SearchAction\",\"target\":{\"@type\":\"EntryPoint\",\"urlTemplate\":\"https:\/\/jacotchocolaterie.ch\/?s={search_term_string}\"},\"query-input\":{\"@type\":\"PropertyValueSpecification\",\"valueRequired\":true,\"valueName\":\"search_term_string\"}}],\"inLanguage\":\"de\"}]}<\/script>\n<!-- \/ Yoast SEO plugin. -->","yoast_head_json":{"title":"Adventskalender - 24 St\u00fcck - 240g - Jacot Haute Chocolaterie Suisse","robots":{"index":"index","follow":"follow","max-snippet":"max-snippet:-1","max-image-preview":"max-image-preview:large","max-video-preview":"max-video-preview:-1"},"canonical":"https:\/\/jacotchocolaterie.ch\/de\/produit\/adventskalender\/","og_locale":"de_DE","og_type":"article","og_title":"Adventskalender - 24 St\u00fcck - 240g - Jacot Haute Chocolaterie Suisse","og_description":"Entdecken Sie jeden Tag eine k\u00f6stliche \u00dcberraschung mit unserem Adventskalender. Diese kostbare Schachtel enth\u00e4lt 24 exquisite Pralinen zum Genie\u00dfen. Tauchen Sie ein in die Spannung der Erwartung und lassen Sie sich von unseren Schokoladenkreationen verzaubern, die ein einzigartiges Geschmackserlebnis bieten, um den Zauber der Festtage zu feiern. Haltbarkeit: 3 Monate Einzelpreis: 18.75 CHF pro 100g","og_url":"https:\/\/jacotchocolaterie.ch\/de\/produit\/adventskalender\/","og_site_name":"Jacot Haute Chocolaterie Suisse","article_modified_time":"2023-10-30T12:01:25+00:00","og_image":[{"width":379,"height":677,"url":"https:\/\/jacotchocolaterie.ch\/wp-content\/uploads\/calendrier-de-lavent-apercu.jpg","type":"image\/jpeg"}],"twitter_card":"summary_large_image","twitter_misc":{"Gesch\u00e4tzte Lesezeit":"1\u00a0Minute"},"schema":{"@context":"https:\/\/schema.org","@graph":[{"@type":"WebPage","@id":"https:\/\/jacotchocolaterie.ch\/de\/produit\/adventskalender\/","url":"https:\/\/jacotchocolaterie.ch\/de\/produit\/adventskalender\/","name":"Adventskalender - 24 St\u00fcck - 240g - Jacot Haute Chocolaterie Suisse","isPartOf":{"@id":"https:\/\/jacotchocolaterie.ch\/#website"},"primaryImageOfPage":{"@id":"https:\/\/jacotchocolaterie.ch\/de\/produit\/adventskalender\/#primaryimage"},"image":{"@id":"https:\/\/jacotchocolaterie.ch\/de\/produit\/adventskalender\/#primaryimage"},"thumbnailUrl":"https:\/\/jacotchocolaterie.ch\/wp-content\/uploads\/calendrier-de-lavent-apercu.jpg","datePublished":"2023-10-30T11:48:47+00:00","dateModified":"2023-10-30T12:01:25+00:00","breadcrumb":{"@id":"https:\/\/jacotchocolaterie.ch\/de\/produit\/adventskalender\/#breadcrumb"},"inLanguage":"de","potentialAction":[{"@type":"ReadAction","target":["https:\/\/jacotchocolaterie.ch\/de\/produit\/adventskalender\/"]}]},{"@type":"ImageObject","inLanguage":"de","@id":"https:\/\/jacotchocolaterie.ch\/de\/produit\/adventskalender\/#primaryimage","url":"https:\/\/jacotchocolaterie.ch\/wp-content\/uploads\/calendrier-de-lavent-apercu.jpg","contentUrl":"https:\/\/jacotchocolaterie.ch\/wp-content\/uploads\/calendrier-de-lavent-apercu.jpg","width":379,"height":677},{"@type":"BreadcrumbList","@id":"https:\/\/jacotchocolaterie.ch\/de\/produit\/adventskalender\/#breadcrumb","itemListElement":[{"@type":"ListItem","position":1,"name":"Accueil","item":"https:\/\/jacotchocolaterie.ch\/de\/"},{"@type":"ListItem","position":2,"name":"Shop","item":"https:\/\/jacotchocolaterie.ch\/de\/"},{"@type":"ListItem","position":3,"name":"Adventskalender &#8211; 24 St\u00fcck &#8211; 240g"}]},{"@type":"WebSite","@id":"https:\/\/jacotchocolaterie.ch\/#website","url":"https:\/\/jacotchocolaterie.ch\/","name":"Jacot Haute Chocolaterie Suisse","description":"Jacot Haute Chocolaterie vous invite \u00e0 voyager au coeur de saveurs chocolat\u00e9es","potentialAction":[{"@type":"SearchAction","target":{"@type":"EntryPoint","urlTemplate":"https:\/\/jacotchocolaterie.ch\/?s={search_term_string}"},"query-input":{"@type":"PropertyValueSpecification","valueRequired":true,"valueName":"search_term_string"}}],"inLanguage":"de"}]}},"_links":{"self":[{"href":"https:\/\/jacotchocolaterie.ch\/de\/wp-json\/wp\/v2\/product\/5494","targetHints":{"allow":["GET"]}}],"collection":[{"href":"https:\/\/jacotchocolaterie.ch\/de\/wp-json\/wp\/v2\/product"}],"about":[{"href":"https:\/\/jacotchocolaterie.ch\/de\/wp-json\/wp\/v2\/types\/product"}],"replies":[{"embeddable":true,"href":"https:\/\/jacotchocolaterie.ch\/de\/wp-json\/wp\/v2\/comments?post=5494"}],"wp:featuredmedia":[{"embeddable":true,"href":"https:\/\/jacotchocolaterie.ch\/de\/wp-json\/wp\/v2\/media\/5492"}],"wp:attachment":[{"href":"https:\/\/jacotchocolaterie.ch\/de\/wp-json\/wp\/v2\/media?parent=5494"}],"wp:term":[{"taxonomy":"product_brand","embeddable":true,"href":"https:\/\/jacotchocolaterie.ch\/de\/wp-json\/wp\/v2\/product_brand?post=5494"},{"taxonomy":"product_cat","embeddable":true,"href":"https:\/\/jacotchocolaterie.ch\/de\/wp-json\/wp\/v2\/product_cat?post=5494"},{"taxonomy":"product_tag","embeddable":true,"href":"https:\/\/jacotchocolaterie.ch\/de\/wp-json\/wp\/v2\/product_tag?post=5494"}],"curies":[{"name":"wp","href":"https:\/\/api.w.org\/{rel}","templated":true}]}}