



{"id":4505,"date":"2023-03-09T13:47:52","date_gmt":"2023-03-09T12:47:52","guid":{"rendered":"https:\/\/jacotchocolaterie.ch\/?post_type=product&#038;p=4505"},"modified":"2024-03-11T15:25:35","modified_gmt":"2024-03-11T14:25:35","slug":"lapin-noisettes-lait","status":"publish","type":"product","link":"https:\/\/jacotchocolaterie.ch\/de\/produit\/lapin-noisettes-lait\/","title":{"rendered":"Haselnusshase &#8211; Milch"},"content":{"rendered":"<p>Ein k\u00f6stlicher, zartschmelzender Hase aus Milchschokolade, dessen Herz aus piemontesischen Haseln\u00fcssen besteht, die von unseren Chocolatiers karamellisiert wurden. <\/p>\n<p> H\u00f6he: 60mm <br \/> <strong>Nettogewicht<\/strong>: 27 g <\/p>\n<p><strong>Haltbarkeit<\/strong>: 3 Monate <\/p>\n<p>(20.37 CHF pro 100g)<\/p>\n","protected":false},"excerpt":{"rendered":"<p>Ein k\u00f6stlicher, zartschmelzender Hase aus Milchschokolade, dessen Herz aus piemontesischen Haseln\u00fcssen besteht, die von unseren Chocolatiers karamellisiert wurden. H\u00f6he: 60mm Nettogewicht: 27 g Haltbarkeit: 3 Monate (20.37 CHF pro 100g)<\/p>\n","protected":false},"featured_media":6731,"comment_status":"open","ping_status":"closed","template":"","meta":{"_acf_changed":false},"product_brand":[],"product_cat":[121],"product_tag":[],"class_list":{"0":"post-4505","1":"product","2":"type-product","3":"status-publish","4":"has-post-thumbnail","6":"product_cat-ostern","8":"first","9":"outofstock","10":"shipping-taxable","11":"purchasable","12":"product-type-simple"},"acf":[],"yoast_head":"<!-- This site is optimized with the Yoast SEO plugin v27.5 - https:\/\/yoast.com\/product\/yoast-seo-wordpress\/ -->\n<title>Haselnusshase - Milch - Jacot Haute Chocolaterie Suisse<\/title>\n<meta name=\"robots\" content=\"index, follow, max-snippet:-1, max-image-preview:large, max-video-preview:-1\" \/>\n<link rel=\"canonical\" href=\"https:\/\/jacotchocolaterie.ch\/de\/produit\/lapin-noisettes-lait\/\" \/>\n<meta property=\"og:locale\" content=\"de_DE\" \/>\n<meta property=\"og:type\" content=\"article\" \/>\n<meta property=\"og:title\" content=\"Haselnusshase - Milch - Jacot Haute Chocolaterie Suisse\" \/>\n<meta property=\"og:description\" content=\"Ein k\u00f6stlicher, zartschmelzender Hase aus Milchschokolade, dessen Herz aus piemontesischen Haseln\u00fcssen besteht, die von unseren Chocolatiers karamellisiert wurden. H\u00f6he: 60mm Nettogewicht: 27 g Haltbarkeit: 3 Monate (20.37 CHF pro 100g)\" \/>\n<meta property=\"og:url\" content=\"https:\/\/jacotchocolaterie.ch\/de\/produit\/lapin-noisettes-lait\/\" \/>\n<meta property=\"og:site_name\" content=\"Jacot Haute Chocolaterie Suisse\" \/>\n<meta property=\"article:modified_time\" content=\"2024-03-11T14:25:35+00:00\" \/>\n<meta property=\"og:image\" content=\"https:\/\/jacotchocolaterie.ch\/wp-content\/uploads\/Fondant-noisettes-lait-min.png\" \/>\n\t<meta property=\"og:image:width\" content=\"5487\" \/>\n\t<meta property=\"og:image:height\" content=\"8230\" \/>\n\t<meta property=\"og:image:type\" content=\"image\/png\" \/>\n<meta name=\"twitter:card\" content=\"summary_large_image\" \/>\n<meta name=\"twitter:label1\" content=\"Gesch\u00e4tzte Lesezeit\" \/>\n\t<meta name=\"twitter:data1\" content=\"1\u00a0Minute\" \/>\n<script type=\"application\/ld+json\" class=\"yoast-schema-graph\">{\"@context\":\"https:\\\/\\\/schema.org\",\"@graph\":[{\"@type\":\"WebPage\",\"@id\":\"https:\\\/\\\/jacotchocolaterie.ch\\\/de\\\/produit\\\/lapin-noisettes-lait\\\/\",\"url\":\"https:\\\/\\\/jacotchocolaterie.ch\\\/de\\\/produit\\\/lapin-noisettes-lait\\\/\",\"name\":\"Haselnusshase - Milch - Jacot Haute Chocolaterie Suisse\",\"isPartOf\":{\"@id\":\"https:\\\/\\\/jacotchocolaterie.ch\\\/#website\"},\"primaryImageOfPage\":{\"@id\":\"https:\\\/\\\/jacotchocolaterie.ch\\\/de\\\/produit\\\/lapin-noisettes-lait\\\/#primaryimage\"},\"image\":{\"@id\":\"https:\\\/\\\/jacotchocolaterie.ch\\\/de\\\/produit\\\/lapin-noisettes-lait\\\/#primaryimage\"},\"thumbnailUrl\":\"https:\\\/\\\/jacotchocolaterie.ch\\\/wp-content\\\/uploads\\\/Fondant-lait.png\",\"datePublished\":\"2023-03-09T12:47:52+00:00\",\"dateModified\":\"2024-03-11T14:25:35+00:00\",\"breadcrumb\":{\"@id\":\"https:\\\/\\\/jacotchocolaterie.ch\\\/de\\\/produit\\\/lapin-noisettes-lait\\\/#breadcrumb\"},\"inLanguage\":\"de\",\"potentialAction\":[{\"@type\":\"ReadAction\",\"target\":[\"https:\\\/\\\/jacotchocolaterie.ch\\\/de\\\/produit\\\/lapin-noisettes-lait\\\/\"]}]},{\"@type\":\"ImageObject\",\"inLanguage\":\"de\",\"@id\":\"https:\\\/\\\/jacotchocolaterie.ch\\\/de\\\/produit\\\/lapin-noisettes-lait\\\/#primaryimage\",\"url\":\"https:\\\/\\\/jacotchocolaterie.ch\\\/wp-content\\\/uploads\\\/Fondant-lait.png\",\"contentUrl\":\"https:\\\/\\\/jacotchocolaterie.ch\\\/wp-content\\\/uploads\\\/Fondant-lait.png\",\"width\":601,\"height\":640},{\"@type\":\"BreadcrumbList\",\"@id\":\"https:\\\/\\\/jacotchocolaterie.ch\\\/de\\\/produit\\\/lapin-noisettes-lait\\\/#breadcrumb\",\"itemListElement\":[{\"@type\":\"ListItem\",\"position\":1,\"name\":\"Accueil\",\"item\":\"https:\\\/\\\/jacotchocolaterie.ch\\\/de\\\/\"},{\"@type\":\"ListItem\",\"position\":2,\"name\":\"Shop\",\"item\":\"https:\\\/\\\/jacotchocolaterie.ch\\\/de\\\/\"},{\"@type\":\"ListItem\",\"position\":3,\"name\":\"Haselnusshase &#8211; Milch\"}]},{\"@type\":\"WebSite\",\"@id\":\"https:\\\/\\\/jacotchocolaterie.ch\\\/#website\",\"url\":\"https:\\\/\\\/jacotchocolaterie.ch\\\/\",\"name\":\"Jacot Haute Chocolaterie Suisse\",\"description\":\"Jacot Haute Chocolaterie vous invite \u00e0 voyager au coeur de saveurs chocolat\u00e9es\",\"potentialAction\":[{\"@type\":\"SearchAction\",\"target\":{\"@type\":\"EntryPoint\",\"urlTemplate\":\"https:\\\/\\\/jacotchocolaterie.ch\\\/?s={search_term_string}\"},\"query-input\":{\"@type\":\"PropertyValueSpecification\",\"valueRequired\":true,\"valueName\":\"search_term_string\"}}],\"inLanguage\":\"de\"}]}<\/script>\n<!-- \/ Yoast SEO plugin. -->","yoast_head_json":{"title":"Haselnusshase - Milch - Jacot Haute Chocolaterie Suisse","robots":{"index":"index","follow":"follow","max-snippet":"max-snippet:-1","max-image-preview":"max-image-preview:large","max-video-preview":"max-video-preview:-1"},"canonical":"https:\/\/jacotchocolaterie.ch\/de\/produit\/lapin-noisettes-lait\/","og_locale":"de_DE","og_type":"article","og_title":"Haselnusshase - Milch - Jacot Haute Chocolaterie Suisse","og_description":"Ein k\u00f6stlicher, zartschmelzender Hase aus Milchschokolade, dessen Herz aus piemontesischen Haseln\u00fcssen besteht, die von unseren Chocolatiers karamellisiert wurden. H\u00f6he: 60mm Nettogewicht: 27 g Haltbarkeit: 3 Monate (20.37 CHF pro 100g)","og_url":"https:\/\/jacotchocolaterie.ch\/de\/produit\/lapin-noisettes-lait\/","og_site_name":"Jacot Haute Chocolaterie Suisse","article_modified_time":"2024-03-11T14:25:35+00:00","og_image":[{"width":5487,"height":8230,"url":"https:\/\/jacotchocolaterie.ch\/wp-content\/uploads\/Fondant-noisettes-lait-min.png","type":"image\/png"}],"twitter_card":"summary_large_image","twitter_misc":{"Gesch\u00e4tzte Lesezeit":"1\u00a0Minute"},"schema":{"@context":"https:\/\/schema.org","@graph":[{"@type":"WebPage","@id":"https:\/\/jacotchocolaterie.ch\/de\/produit\/lapin-noisettes-lait\/","url":"https:\/\/jacotchocolaterie.ch\/de\/produit\/lapin-noisettes-lait\/","name":"Haselnusshase - Milch - Jacot Haute Chocolaterie Suisse","isPartOf":{"@id":"https:\/\/jacotchocolaterie.ch\/#website"},"primaryImageOfPage":{"@id":"https:\/\/jacotchocolaterie.ch\/de\/produit\/lapin-noisettes-lait\/#primaryimage"},"image":{"@id":"https:\/\/jacotchocolaterie.ch\/de\/produit\/lapin-noisettes-lait\/#primaryimage"},"thumbnailUrl":"https:\/\/jacotchocolaterie.ch\/wp-content\/uploads\/Fondant-lait.png","datePublished":"2023-03-09T12:47:52+00:00","dateModified":"2024-03-11T14:25:35+00:00","breadcrumb":{"@id":"https:\/\/jacotchocolaterie.ch\/de\/produit\/lapin-noisettes-lait\/#breadcrumb"},"inLanguage":"de","potentialAction":[{"@type":"ReadAction","target":["https:\/\/jacotchocolaterie.ch\/de\/produit\/lapin-noisettes-lait\/"]}]},{"@type":"ImageObject","inLanguage":"de","@id":"https:\/\/jacotchocolaterie.ch\/de\/produit\/lapin-noisettes-lait\/#primaryimage","url":"https:\/\/jacotchocolaterie.ch\/wp-content\/uploads\/Fondant-lait.png","contentUrl":"https:\/\/jacotchocolaterie.ch\/wp-content\/uploads\/Fondant-lait.png","width":601,"height":640},{"@type":"BreadcrumbList","@id":"https:\/\/jacotchocolaterie.ch\/de\/produit\/lapin-noisettes-lait\/#breadcrumb","itemListElement":[{"@type":"ListItem","position":1,"name":"Accueil","item":"https:\/\/jacotchocolaterie.ch\/de\/"},{"@type":"ListItem","position":2,"name":"Shop","item":"https:\/\/jacotchocolaterie.ch\/de\/"},{"@type":"ListItem","position":3,"name":"Haselnusshase &#8211; Milch"}]},{"@type":"WebSite","@id":"https:\/\/jacotchocolaterie.ch\/#website","url":"https:\/\/jacotchocolaterie.ch\/","name":"Jacot Haute Chocolaterie Suisse","description":"Jacot Haute Chocolaterie vous invite \u00e0 voyager au coeur de saveurs chocolat\u00e9es","potentialAction":[{"@type":"SearchAction","target":{"@type":"EntryPoint","urlTemplate":"https:\/\/jacotchocolaterie.ch\/?s={search_term_string}"},"query-input":{"@type":"PropertyValueSpecification","valueRequired":true,"valueName":"search_term_string"}}],"inLanguage":"de"}]}},"_links":{"self":[{"href":"https:\/\/jacotchocolaterie.ch\/de\/wp-json\/wp\/v2\/product\/4505","targetHints":{"allow":["GET"]}}],"collection":[{"href":"https:\/\/jacotchocolaterie.ch\/de\/wp-json\/wp\/v2\/product"}],"about":[{"href":"https:\/\/jacotchocolaterie.ch\/de\/wp-json\/wp\/v2\/types\/product"}],"replies":[{"embeddable":true,"href":"https:\/\/jacotchocolaterie.ch\/de\/wp-json\/wp\/v2\/comments?post=4505"}],"wp:featuredmedia":[{"embeddable":true,"href":"https:\/\/jacotchocolaterie.ch\/de\/wp-json\/wp\/v2\/media\/6731"}],"wp:attachment":[{"href":"https:\/\/jacotchocolaterie.ch\/de\/wp-json\/wp\/v2\/media?parent=4505"}],"wp:term":[{"taxonomy":"product_brand","embeddable":true,"href":"https:\/\/jacotchocolaterie.ch\/de\/wp-json\/wp\/v2\/product_brand?post=4505"},{"taxonomy":"product_cat","embeddable":true,"href":"https:\/\/jacotchocolaterie.ch\/de\/wp-json\/wp\/v2\/product_cat?post=4505"},{"taxonomy":"product_tag","embeddable":true,"href":"https:\/\/jacotchocolaterie.ch\/de\/wp-json\/wp\/v2\/product_tag?post=4505"}],"curies":[{"name":"wp","href":"https:\/\/api.w.org\/{rel}","templated":true}]}}