



{"id":1443,"date":"2020-11-24T15:35:52","date_gmt":"2020-11-24T14:35:52","guid":{"rendered":"http:\/\/hr0czahbeb.preview.infomaniak.website\/produit\/les-cuilleres-pralinen\/"},"modified":"2023-10-17T14:45:08","modified_gmt":"2023-10-17T12:45:08","slug":"cuilleres-praline-de","status":"publish","type":"product","link":"https:\/\/jacotchocolaterie.ch\/de\/produit\/cuilleres-praline-de\/","title":{"rendered":"Schokoladenl\u00f6ffel 63% &#8211; 30g"},"content":{"rendered":"<p>Spielerisch und mit Spa\u00df zu probieren, unsere L\u00f6ffel werden Sie begeistern!<br \/>\n<br \/>Sie sind eine Einladung, sich Zeit zu nehmen und mit einer Tasse in der Hand zu flanieren, w\u00e4hrend Sie die Noten von Kakao und Pralin\u00e9 riechen. Les cuill\u00e8res Jacot Haute Chocolaterie : un art de vivre.<\/p>\n<p><strong>Verwendung<\/strong>: In 2 bis 2,5 dl warmer Milch unter R\u00fchren schmelzen.<\/p>\n<p><strong>Garantierte Haltbarkeit<\/strong> : 5 Monate<\/p>\n<p><strong>Einheitspreis<\/strong> : 12.67 CHF pro 100g<\/p>\n","protected":false},"excerpt":{"rendered":"<p>Spielerisch und mit Spa\u00df zu probieren, unsere L\u00f6ffel werden Sie begeistern! Sie sind eine Einladung, sich Zeit zu nehmen und mit einer Tasse in der Hand zu flanieren, w\u00e4hrend Sie die Noten von Kakao und Pralin\u00e9 riechen. Les cuill\u00e8res Jacot Haute Chocolaterie : un art de vivre. Verwendung: In 2 bis 2,5 dl warmer Milch [&hellip;]<\/p>\n","protected":false},"featured_media":5255,"comment_status":"open","ping_status":"closed","template":"","meta":{"_acf_changed":false},"product_brand":[],"product_cat":[31],"product_tag":[],"class_list":{"0":"post-1443","1":"product","2":"type-product","3":"status-publish","4":"has-post-thumbnail","6":"product_cat-spezialitaten","8":"first","9":"outofstock","10":"shipping-taxable","11":"purchasable","12":"product-type-simple"},"acf":[],"yoast_head":"<!-- This site is optimized with the Yoast SEO plugin v27.3 - https:\/\/yoast.com\/product\/yoast-seo-wordpress\/ -->\n<title>Schokoladenl\u00f6ffel 63% - 30g - Jacot Haute Chocolaterie Suisse<\/title>\n<meta name=\"robots\" content=\"index, follow, max-snippet:-1, max-image-preview:large, max-video-preview:-1\" \/>\n<link rel=\"canonical\" href=\"https:\/\/jacotchocolaterie.ch\/de\/produit\/cuilleres-praline-de\/\" \/>\n<meta property=\"og:locale\" content=\"de_DE\" \/>\n<meta property=\"og:type\" content=\"article\" \/>\n<meta property=\"og:title\" content=\"Schokoladenl\u00f6ffel 63% - 30g - Jacot Haute Chocolaterie Suisse\" \/>\n<meta property=\"og:description\" content=\"Spielerisch und mit Spa\u00df zu probieren, unsere L\u00f6ffel werden Sie begeistern! Sie sind eine Einladung, sich Zeit zu nehmen und mit einer Tasse in der Hand zu flanieren, w\u00e4hrend Sie die Noten von Kakao und Pralin\u00e9 riechen. Les cuill\u00e8res Jacot Haute Chocolaterie : un art de vivre. Verwendung: In 2 bis 2,5 dl warmer Milch [&hellip;]\" \/>\n<meta property=\"og:url\" content=\"https:\/\/jacotchocolaterie.ch\/de\/produit\/cuilleres-praline-de\/\" \/>\n<meta property=\"og:site_name\" content=\"Jacot Haute Chocolaterie Suisse\" \/>\n<meta property=\"article:modified_time\" content=\"2023-10-17T12:45:08+00:00\" \/>\n<meta property=\"og:image\" content=\"https:\/\/jacotchocolaterie.ch\/wp-content\/uploads\/jacot_chocolatier_cuillere.webp\" \/>\n\t<meta property=\"og:image:width\" content=\"156\" \/>\n\t<meta property=\"og:image:height\" content=\"700\" \/>\n\t<meta property=\"og:image:type\" content=\"image\/webp\" \/>\n<meta name=\"twitter:card\" content=\"summary_large_image\" \/>\n<meta name=\"twitter:label1\" content=\"Gesch\u00e4tzte Lesezeit\" \/>\n\t<meta name=\"twitter:data1\" content=\"1\u00a0Minute\" \/>\n<script type=\"application\/ld+json\" class=\"yoast-schema-graph\">{\"@context\":\"https:\\\/\\\/schema.org\",\"@graph\":[{\"@type\":\"WebPage\",\"@id\":\"https:\\\/\\\/jacotchocolaterie.ch\\\/de\\\/produit\\\/cuilleres-praline-de\\\/\",\"url\":\"https:\\\/\\\/jacotchocolaterie.ch\\\/de\\\/produit\\\/cuilleres-praline-de\\\/\",\"name\":\"Schokoladenl\u00f6ffel 63% - 30g - Jacot Haute Chocolaterie Suisse\",\"isPartOf\":{\"@id\":\"https:\\\/\\\/jacotchocolaterie.ch\\\/#website\"},\"primaryImageOfPage\":{\"@id\":\"https:\\\/\\\/jacotchocolaterie.ch\\\/de\\\/produit\\\/cuilleres-praline-de\\\/#primaryimage\"},\"image\":{\"@id\":\"https:\\\/\\\/jacotchocolaterie.ch\\\/de\\\/produit\\\/cuilleres-praline-de\\\/#primaryimage\"},\"thumbnailUrl\":\"https:\\\/\\\/jacotchocolaterie.ch\\\/wp-content\\\/uploads\\\/jacot_chocolatier_cuillere.webp\",\"datePublished\":\"2020-11-24T14:35:52+00:00\",\"dateModified\":\"2023-10-17T12:45:08+00:00\",\"breadcrumb\":{\"@id\":\"https:\\\/\\\/jacotchocolaterie.ch\\\/de\\\/produit\\\/cuilleres-praline-de\\\/#breadcrumb\"},\"inLanguage\":\"de\",\"potentialAction\":[{\"@type\":\"ReadAction\",\"target\":[\"https:\\\/\\\/jacotchocolaterie.ch\\\/de\\\/produit\\\/cuilleres-praline-de\\\/\"]}]},{\"@type\":\"ImageObject\",\"inLanguage\":\"de\",\"@id\":\"https:\\\/\\\/jacotchocolaterie.ch\\\/de\\\/produit\\\/cuilleres-praline-de\\\/#primaryimage\",\"url\":\"https:\\\/\\\/jacotchocolaterie.ch\\\/wp-content\\\/uploads\\\/jacot_chocolatier_cuillere.webp\",\"contentUrl\":\"https:\\\/\\\/jacotchocolaterie.ch\\\/wp-content\\\/uploads\\\/jacot_chocolatier_cuillere.webp\",\"width\":156,\"height\":700},{\"@type\":\"BreadcrumbList\",\"@id\":\"https:\\\/\\\/jacotchocolaterie.ch\\\/de\\\/produit\\\/cuilleres-praline-de\\\/#breadcrumb\",\"itemListElement\":[{\"@type\":\"ListItem\",\"position\":1,\"name\":\"Accueil\",\"item\":\"https:\\\/\\\/jacotchocolaterie.ch\\\/de\\\/\"},{\"@type\":\"ListItem\",\"position\":2,\"name\":\"Shop\",\"item\":\"https:\\\/\\\/jacotchocolaterie.ch\\\/de\\\/\"},{\"@type\":\"ListItem\",\"position\":3,\"name\":\"Schokoladenl\u00f6ffel 63% &#8211; 30g\"}]},{\"@type\":\"WebSite\",\"@id\":\"https:\\\/\\\/jacotchocolaterie.ch\\\/#website\",\"url\":\"https:\\\/\\\/jacotchocolaterie.ch\\\/\",\"name\":\"Jacot Haute Chocolaterie Suisse\",\"description\":\"Jacot Haute Chocolaterie vous invite \u00e0 voyager au coeur de saveurs chocolat\u00e9es\",\"potentialAction\":[{\"@type\":\"SearchAction\",\"target\":{\"@type\":\"EntryPoint\",\"urlTemplate\":\"https:\\\/\\\/jacotchocolaterie.ch\\\/?s={search_term_string}\"},\"query-input\":{\"@type\":\"PropertyValueSpecification\",\"valueRequired\":true,\"valueName\":\"search_term_string\"}}],\"inLanguage\":\"de\"}]}<\/script>\n<!-- \/ Yoast SEO plugin. -->","yoast_head_json":{"title":"Schokoladenl\u00f6ffel 63% - 30g - Jacot Haute Chocolaterie Suisse","robots":{"index":"index","follow":"follow","max-snippet":"max-snippet:-1","max-image-preview":"max-image-preview:large","max-video-preview":"max-video-preview:-1"},"canonical":"https:\/\/jacotchocolaterie.ch\/de\/produit\/cuilleres-praline-de\/","og_locale":"de_DE","og_type":"article","og_title":"Schokoladenl\u00f6ffel 63% - 30g - Jacot Haute Chocolaterie Suisse","og_description":"Spielerisch und mit Spa\u00df zu probieren, unsere L\u00f6ffel werden Sie begeistern! Sie sind eine Einladung, sich Zeit zu nehmen und mit einer Tasse in der Hand zu flanieren, w\u00e4hrend Sie die Noten von Kakao und Pralin\u00e9 riechen. Les cuill\u00e8res Jacot Haute Chocolaterie : un art de vivre. Verwendung: In 2 bis 2,5 dl warmer Milch [&hellip;]","og_url":"https:\/\/jacotchocolaterie.ch\/de\/produit\/cuilleres-praline-de\/","og_site_name":"Jacot Haute Chocolaterie Suisse","article_modified_time":"2023-10-17T12:45:08+00:00","og_image":[{"width":156,"height":700,"url":"https:\/\/jacotchocolaterie.ch\/wp-content\/uploads\/jacot_chocolatier_cuillere.webp","type":"image\/webp"}],"twitter_card":"summary_large_image","twitter_misc":{"Gesch\u00e4tzte Lesezeit":"1\u00a0Minute"},"schema":{"@context":"https:\/\/schema.org","@graph":[{"@type":"WebPage","@id":"https:\/\/jacotchocolaterie.ch\/de\/produit\/cuilleres-praline-de\/","url":"https:\/\/jacotchocolaterie.ch\/de\/produit\/cuilleres-praline-de\/","name":"Schokoladenl\u00f6ffel 63% - 30g - Jacot Haute Chocolaterie Suisse","isPartOf":{"@id":"https:\/\/jacotchocolaterie.ch\/#website"},"primaryImageOfPage":{"@id":"https:\/\/jacotchocolaterie.ch\/de\/produit\/cuilleres-praline-de\/#primaryimage"},"image":{"@id":"https:\/\/jacotchocolaterie.ch\/de\/produit\/cuilleres-praline-de\/#primaryimage"},"thumbnailUrl":"https:\/\/jacotchocolaterie.ch\/wp-content\/uploads\/jacot_chocolatier_cuillere.webp","datePublished":"2020-11-24T14:35:52+00:00","dateModified":"2023-10-17T12:45:08+00:00","breadcrumb":{"@id":"https:\/\/jacotchocolaterie.ch\/de\/produit\/cuilleres-praline-de\/#breadcrumb"},"inLanguage":"de","potentialAction":[{"@type":"ReadAction","target":["https:\/\/jacotchocolaterie.ch\/de\/produit\/cuilleres-praline-de\/"]}]},{"@type":"ImageObject","inLanguage":"de","@id":"https:\/\/jacotchocolaterie.ch\/de\/produit\/cuilleres-praline-de\/#primaryimage","url":"https:\/\/jacotchocolaterie.ch\/wp-content\/uploads\/jacot_chocolatier_cuillere.webp","contentUrl":"https:\/\/jacotchocolaterie.ch\/wp-content\/uploads\/jacot_chocolatier_cuillere.webp","width":156,"height":700},{"@type":"BreadcrumbList","@id":"https:\/\/jacotchocolaterie.ch\/de\/produit\/cuilleres-praline-de\/#breadcrumb","itemListElement":[{"@type":"ListItem","position":1,"name":"Accueil","item":"https:\/\/jacotchocolaterie.ch\/de\/"},{"@type":"ListItem","position":2,"name":"Shop","item":"https:\/\/jacotchocolaterie.ch\/de\/"},{"@type":"ListItem","position":3,"name":"Schokoladenl\u00f6ffel 63% &#8211; 30g"}]},{"@type":"WebSite","@id":"https:\/\/jacotchocolaterie.ch\/#website","url":"https:\/\/jacotchocolaterie.ch\/","name":"Jacot Haute Chocolaterie Suisse","description":"Jacot Haute Chocolaterie vous invite \u00e0 voyager au coeur de saveurs chocolat\u00e9es","potentialAction":[{"@type":"SearchAction","target":{"@type":"EntryPoint","urlTemplate":"https:\/\/jacotchocolaterie.ch\/?s={search_term_string}"},"query-input":{"@type":"PropertyValueSpecification","valueRequired":true,"valueName":"search_term_string"}}],"inLanguage":"de"}]}},"_links":{"self":[{"href":"https:\/\/jacotchocolaterie.ch\/de\/wp-json\/wp\/v2\/product\/1443","targetHints":{"allow":["GET"]}}],"collection":[{"href":"https:\/\/jacotchocolaterie.ch\/de\/wp-json\/wp\/v2\/product"}],"about":[{"href":"https:\/\/jacotchocolaterie.ch\/de\/wp-json\/wp\/v2\/types\/product"}],"replies":[{"embeddable":true,"href":"https:\/\/jacotchocolaterie.ch\/de\/wp-json\/wp\/v2\/comments?post=1443"}],"wp:featuredmedia":[{"embeddable":true,"href":"https:\/\/jacotchocolaterie.ch\/de\/wp-json\/wp\/v2\/media\/5255"}],"wp:attachment":[{"href":"https:\/\/jacotchocolaterie.ch\/de\/wp-json\/wp\/v2\/media?parent=1443"}],"wp:term":[{"taxonomy":"product_brand","embeddable":true,"href":"https:\/\/jacotchocolaterie.ch\/de\/wp-json\/wp\/v2\/product_brand?post=1443"},{"taxonomy":"product_cat","embeddable":true,"href":"https:\/\/jacotchocolaterie.ch\/de\/wp-json\/wp\/v2\/product_cat?post=1443"},{"taxonomy":"product_tag","embeddable":true,"href":"https:\/\/jacotchocolaterie.ch\/de\/wp-json\/wp\/v2\/product_tag?post=1443"}],"curies":[{"name":"wp","href":"https:\/\/api.w.org\/{rel}","templated":true}]}}