



{"id":1422,"date":"2020-11-24T17:55:13","date_gmt":"2020-11-24T16:55:13","guid":{"rendered":"http:\/\/hr0czahbeb.preview.infomaniak.website\/produit\/supremo-62-sans-sucre\/"},"modified":"2023-06-28T13:34:24","modified_gmt":"2023-06-28T11:34:24","slug":"schokoladentafel-supremo-62-ohne-zucker","status":"publish","type":"product","link":"https:\/\/jacotchocolaterie.ch\/de\/produit\/schokoladentafel-supremo-62-ohne-zucker\/","title":{"rendered":"Schokoladentafel &#8211; Supremo 62% &#8211; ohne Zucker &#8211; 100g"},"content":{"rendered":"<p>Manche bevorzugen <strong>zuckerfreie<\/strong> Bonbons. Die St\u00e4rke der Kaffee- und Kakaoaromen bleibt erhalten.<br \/>\nWenn die Kakaobohne gut ger\u00f6stet ist, schmeckt sie nicht bitter. Maltitol, das aus Weizen- oder Maisst\u00e4rke gewonnen wird, reicht dann aus, um f\u00fcr den s\u00fc\u00dfen Touch zu sorgen.<\/p>\n<p><strong>Haltbarkeit<\/strong>: 12 Monate<\/p>\n","protected":false},"excerpt":{"rendered":"<p>Manche bevorzugen zuckerfreie Bonbons. Die St\u00e4rke der Kaffee- und Kakaoaromen bleibt erhalten. Wenn die Kakaobohne gut ger\u00f6stet ist, schmeckt sie nicht bitter. Maltitol, das aus Weizen- oder Maisst\u00e4rke gewonnen wird, reicht dann aus, um f\u00fcr den s\u00fc\u00dfen Touch zu sorgen. Haltbarkeit: 12 Monate<\/p>\n","protected":false},"featured_media":5195,"comment_status":"open","ping_status":"closed","template":"","meta":{"_acf_changed":false},"product_brand":[],"product_cat":[30],"product_tag":[],"class_list":{"0":"post-1422","1":"product","2":"type-product","3":"status-publish","4":"has-post-thumbnail","6":"product_cat-tafelschokolade","8":"first","9":"outofstock","10":"shipping-taxable","11":"purchasable","12":"product-type-simple"},"acf":[],"yoast_head":"<!-- This site is optimized with the Yoast SEO plugin v27.1.1 - https:\/\/yoast.com\/product\/yoast-seo-wordpress\/ -->\n<title>Schokoladentafel - Supremo 62% - ohne Zucker - 100g - Jacot Haute Chocolaterie Suisse<\/title>\n<meta name=\"robots\" content=\"index, follow, max-snippet:-1, max-image-preview:large, max-video-preview:-1\" \/>\n<link rel=\"canonical\" href=\"https:\/\/jacotchocolaterie.ch\/de\/produit\/schokoladentafel-supremo-62-ohne-zucker\/\" \/>\n<meta property=\"og:locale\" content=\"de_DE\" \/>\n<meta property=\"og:type\" content=\"article\" \/>\n<meta property=\"og:title\" content=\"Schokoladentafel - Supremo 62% - ohne Zucker - 100g - Jacot Haute Chocolaterie Suisse\" \/>\n<meta property=\"og:description\" content=\"Manche bevorzugen zuckerfreie Bonbons. Die St\u00e4rke der Kaffee- und Kakaoaromen bleibt erhalten. Wenn die Kakaobohne gut ger\u00f6stet ist, schmeckt sie nicht bitter. Maltitol, das aus Weizen- oder Maisst\u00e4rke gewonnen wird, reicht dann aus, um f\u00fcr den s\u00fc\u00dfen Touch zu sorgen. Haltbarkeit: 12 Monate\" \/>\n<meta property=\"og:url\" content=\"https:\/\/jacotchocolaterie.ch\/de\/produit\/schokoladentafel-supremo-62-ohne-zucker\/\" \/>\n<meta property=\"og:site_name\" content=\"Jacot Haute Chocolaterie Suisse\" \/>\n<meta property=\"article:modified_time\" content=\"2023-06-28T11:34:24+00:00\" \/>\n<meta property=\"og:image\" content=\"https:\/\/jacotchocolaterie.ch\/wp-content\/uploads\/jacot_chocolatier_supremo_62_sans_sucre.png\" \/>\n\t<meta property=\"og:image:width\" content=\"700\" \/>\n\t<meta property=\"og:image:height\" content=\"700\" \/>\n\t<meta property=\"og:image:type\" content=\"image\/png\" \/>\n<meta name=\"twitter:card\" content=\"summary_large_image\" \/>\n<meta name=\"twitter:label1\" content=\"Gesch\u00e4tzte Lesezeit\" \/>\n\t<meta name=\"twitter:data1\" content=\"1\u00a0Minute\" \/>\n<script type=\"application\/ld+json\" class=\"yoast-schema-graph\">{\"@context\":\"https:\/\/schema.org\",\"@graph\":[{\"@type\":\"WebPage\",\"@id\":\"https:\/\/jacotchocolaterie.ch\/de\/produit\/schokoladentafel-supremo-62-ohne-zucker\/\",\"url\":\"https:\/\/jacotchocolaterie.ch\/de\/produit\/schokoladentafel-supremo-62-ohne-zucker\/\",\"name\":\"Schokoladentafel - Supremo 62% - ohne Zucker - 100g - Jacot Haute Chocolaterie Suisse\",\"isPartOf\":{\"@id\":\"https:\/\/jacotchocolaterie.ch\/#website\"},\"primaryImageOfPage\":{\"@id\":\"https:\/\/jacotchocolaterie.ch\/de\/produit\/schokoladentafel-supremo-62-ohne-zucker\/#primaryimage\"},\"image\":{\"@id\":\"https:\/\/jacotchocolaterie.ch\/de\/produit\/schokoladentafel-supremo-62-ohne-zucker\/#primaryimage\"},\"thumbnailUrl\":\"https:\/\/jacotchocolaterie.ch\/wp-content\/uploads\/jacot_chocolatier_supremo_62_sans_sucre.webp\",\"datePublished\":\"2020-11-24T16:55:13+00:00\",\"dateModified\":\"2023-06-28T11:34:24+00:00\",\"breadcrumb\":{\"@id\":\"https:\/\/jacotchocolaterie.ch\/de\/produit\/schokoladentafel-supremo-62-ohne-zucker\/#breadcrumb\"},\"inLanguage\":\"de\",\"potentialAction\":[{\"@type\":\"ReadAction\",\"target\":[\"https:\/\/jacotchocolaterie.ch\/de\/produit\/schokoladentafel-supremo-62-ohne-zucker\/\"]}]},{\"@type\":\"ImageObject\",\"inLanguage\":\"de\",\"@id\":\"https:\/\/jacotchocolaterie.ch\/de\/produit\/schokoladentafel-supremo-62-ohne-zucker\/#primaryimage\",\"url\":\"https:\/\/jacotchocolaterie.ch\/wp-content\/uploads\/jacot_chocolatier_supremo_62_sans_sucre.webp\",\"contentUrl\":\"https:\/\/jacotchocolaterie.ch\/wp-content\/uploads\/jacot_chocolatier_supremo_62_sans_sucre.webp\",\"width\":700,\"height\":700},{\"@type\":\"BreadcrumbList\",\"@id\":\"https:\/\/jacotchocolaterie.ch\/de\/produit\/schokoladentafel-supremo-62-ohne-zucker\/#breadcrumb\",\"itemListElement\":[{\"@type\":\"ListItem\",\"position\":1,\"name\":\"Accueil\",\"item\":\"https:\/\/jacotchocolaterie.ch\/de\/\"},{\"@type\":\"ListItem\",\"position\":2,\"name\":\"Shop\",\"item\":\"https:\/\/jacotchocolaterie.ch\/de\/\"},{\"@type\":\"ListItem\",\"position\":3,\"name\":\"Schokoladentafel &#8211; Supremo 62% &#8211; ohne Zucker &#8211; 100g\"}]},{\"@type\":\"WebSite\",\"@id\":\"https:\/\/jacotchocolaterie.ch\/#website\",\"url\":\"https:\/\/jacotchocolaterie.ch\/\",\"name\":\"Jacot Haute Chocolaterie Suisse\",\"description\":\"Jacot Haute Chocolaterie vous invite \u00e0 voyager au coeur de saveurs chocolat\u00e9es\",\"potentialAction\":[{\"@type\":\"SearchAction\",\"target\":{\"@type\":\"EntryPoint\",\"urlTemplate\":\"https:\/\/jacotchocolaterie.ch\/?s={search_term_string}\"},\"query-input\":{\"@type\":\"PropertyValueSpecification\",\"valueRequired\":true,\"valueName\":\"search_term_string\"}}],\"inLanguage\":\"de\"}]}<\/script>\n<!-- \/ Yoast SEO plugin. -->","yoast_head_json":{"title":"Schokoladentafel - Supremo 62% - ohne Zucker - 100g - Jacot Haute Chocolaterie Suisse","robots":{"index":"index","follow":"follow","max-snippet":"max-snippet:-1","max-image-preview":"max-image-preview:large","max-video-preview":"max-video-preview:-1"},"canonical":"https:\/\/jacotchocolaterie.ch\/de\/produit\/schokoladentafel-supremo-62-ohne-zucker\/","og_locale":"de_DE","og_type":"article","og_title":"Schokoladentafel - Supremo 62% - ohne Zucker - 100g - Jacot Haute Chocolaterie Suisse","og_description":"Manche bevorzugen zuckerfreie Bonbons. Die St\u00e4rke der Kaffee- und Kakaoaromen bleibt erhalten. Wenn die Kakaobohne gut ger\u00f6stet ist, schmeckt sie nicht bitter. Maltitol, das aus Weizen- oder Maisst\u00e4rke gewonnen wird, reicht dann aus, um f\u00fcr den s\u00fc\u00dfen Touch zu sorgen. Haltbarkeit: 12 Monate","og_url":"https:\/\/jacotchocolaterie.ch\/de\/produit\/schokoladentafel-supremo-62-ohne-zucker\/","og_site_name":"Jacot Haute Chocolaterie Suisse","article_modified_time":"2023-06-28T11:34:24+00:00","og_image":[{"width":700,"height":700,"url":"https:\/\/jacotchocolaterie.ch\/wp-content\/uploads\/jacot_chocolatier_supremo_62_sans_sucre.png","type":"image\/png"}],"twitter_card":"summary_large_image","twitter_misc":{"Gesch\u00e4tzte Lesezeit":"1\u00a0Minute"},"schema":{"@context":"https:\/\/schema.org","@graph":[{"@type":"WebPage","@id":"https:\/\/jacotchocolaterie.ch\/de\/produit\/schokoladentafel-supremo-62-ohne-zucker\/","url":"https:\/\/jacotchocolaterie.ch\/de\/produit\/schokoladentafel-supremo-62-ohne-zucker\/","name":"Schokoladentafel - Supremo 62% - ohne Zucker - 100g - Jacot Haute Chocolaterie Suisse","isPartOf":{"@id":"https:\/\/jacotchocolaterie.ch\/#website"},"primaryImageOfPage":{"@id":"https:\/\/jacotchocolaterie.ch\/de\/produit\/schokoladentafel-supremo-62-ohne-zucker\/#primaryimage"},"image":{"@id":"https:\/\/jacotchocolaterie.ch\/de\/produit\/schokoladentafel-supremo-62-ohne-zucker\/#primaryimage"},"thumbnailUrl":"https:\/\/jacotchocolaterie.ch\/wp-content\/uploads\/jacot_chocolatier_supremo_62_sans_sucre.webp","datePublished":"2020-11-24T16:55:13+00:00","dateModified":"2023-06-28T11:34:24+00:00","breadcrumb":{"@id":"https:\/\/jacotchocolaterie.ch\/de\/produit\/schokoladentafel-supremo-62-ohne-zucker\/#breadcrumb"},"inLanguage":"de","potentialAction":[{"@type":"ReadAction","target":["https:\/\/jacotchocolaterie.ch\/de\/produit\/schokoladentafel-supremo-62-ohne-zucker\/"]}]},{"@type":"ImageObject","inLanguage":"de","@id":"https:\/\/jacotchocolaterie.ch\/de\/produit\/schokoladentafel-supremo-62-ohne-zucker\/#primaryimage","url":"https:\/\/jacotchocolaterie.ch\/wp-content\/uploads\/jacot_chocolatier_supremo_62_sans_sucre.webp","contentUrl":"https:\/\/jacotchocolaterie.ch\/wp-content\/uploads\/jacot_chocolatier_supremo_62_sans_sucre.webp","width":700,"height":700},{"@type":"BreadcrumbList","@id":"https:\/\/jacotchocolaterie.ch\/de\/produit\/schokoladentafel-supremo-62-ohne-zucker\/#breadcrumb","itemListElement":[{"@type":"ListItem","position":1,"name":"Accueil","item":"https:\/\/jacotchocolaterie.ch\/de\/"},{"@type":"ListItem","position":2,"name":"Shop","item":"https:\/\/jacotchocolaterie.ch\/de\/"},{"@type":"ListItem","position":3,"name":"Schokoladentafel &#8211; Supremo 62% &#8211; ohne Zucker &#8211; 100g"}]},{"@type":"WebSite","@id":"https:\/\/jacotchocolaterie.ch\/#website","url":"https:\/\/jacotchocolaterie.ch\/","name":"Jacot Haute Chocolaterie Suisse","description":"Jacot Haute Chocolaterie vous invite \u00e0 voyager au coeur de saveurs chocolat\u00e9es","potentialAction":[{"@type":"SearchAction","target":{"@type":"EntryPoint","urlTemplate":"https:\/\/jacotchocolaterie.ch\/?s={search_term_string}"},"query-input":{"@type":"PropertyValueSpecification","valueRequired":true,"valueName":"search_term_string"}}],"inLanguage":"de"}]}},"_links":{"self":[{"href":"https:\/\/jacotchocolaterie.ch\/de\/wp-json\/wp\/v2\/product\/1422","targetHints":{"allow":["GET"]}}],"collection":[{"href":"https:\/\/jacotchocolaterie.ch\/de\/wp-json\/wp\/v2\/product"}],"about":[{"href":"https:\/\/jacotchocolaterie.ch\/de\/wp-json\/wp\/v2\/types\/product"}],"replies":[{"embeddable":true,"href":"https:\/\/jacotchocolaterie.ch\/de\/wp-json\/wp\/v2\/comments?post=1422"}],"wp:featuredmedia":[{"embeddable":true,"href":"https:\/\/jacotchocolaterie.ch\/de\/wp-json\/wp\/v2\/media\/5195"}],"wp:attachment":[{"href":"https:\/\/jacotchocolaterie.ch\/de\/wp-json\/wp\/v2\/media?parent=1422"}],"wp:term":[{"taxonomy":"product_brand","embeddable":true,"href":"https:\/\/jacotchocolaterie.ch\/de\/wp-json\/wp\/v2\/product_brand?post=1422"},{"taxonomy":"product_cat","embeddable":true,"href":"https:\/\/jacotchocolaterie.ch\/de\/wp-json\/wp\/v2\/product_cat?post=1422"},{"taxonomy":"product_tag","embeddable":true,"href":"https:\/\/jacotchocolaterie.ch\/de\/wp-json\/wp\/v2\/product_tag?post=1422"}],"curies":[{"name":"wp","href":"https:\/\/api.w.org\/{rel}","templated":true}]}}