



{"id":4950,"date":"2023-06-29T13:25:01","date_gmt":"2023-06-29T11:25:01","guid":{"rendered":"https:\/\/jacotchocolaterie.ch\/politique-des-donnees\/"},"modified":"2023-06-29T15:58:54","modified_gmt":"2023-06-29T13:58:54","slug":"datenpolitik","status":"publish","type":"page","link":"https:\/\/jacotchocolaterie.ch\/de\/datenpolitik\/","title":{"rendered":"Datenpolitik"},"content":{"rendered":"\n<h2 class=\"wp-block-heading\">Datenschutzrichtlinien<\/h2>\n\n\n\n<p>Letzte Aktualisierung:&nbsp;29.06.2023<\/p>\n\n\n\n<h3 class=\"wp-block-heading\">Allgemeiner Hintergrund<\/h3>\n\n\n\n<p>Jacot Haute Chocolaterie legt ein besonderes Augenmerk auf den Datenschutz, um die Privatsph\u00e4re zu respektieren. Zu diesem Zweck verpflichtet sich Jacot Haute Chocolaterie,&nbsp;<a href=\"https:\/\/www.admin.ch\/opc\/fr\/classified-compilation\/19920153\/index.html\" target=\"_blank\" rel=\"noreferrer noopener\">la loi f\u00e9d\u00e9rale sur la protection des donn\u00e9es<\/a>&nbsp;sowie die&nbsp;<a href=\"http:\/\/eur-lex.europa.eu\/legal-content\/FR\/TXT\/PDF\/?uri=CELEX:32016R0679&amp;from=FR\" target=\"_blank\" rel=\"noreferrer noopener\">r\u00e8glement g\u00e9n\u00e9ral europ\u00e9en sur la protection des donn\u00e9es (RGPD UE)<\/a>.<\/p>\n\n\n\n<p><\/p>\n\n\n\n<h3 class=\"wp-block-heading\">Wie sammeln Sie meine Daten?<\/h3>\n\n\n\n<p>Beim Surfen auf unserer Website sammeln wir verschiedene Informationen. Diese Informationen sind nur f\u00fcr die technische Abteilung zug\u00e4nglich, die der Geheimhaltungspflicht unterliegt. Diese Daten dienen dazu, die Sicherheit sowie das reibungslose Funktionieren unserer Website zu gew\u00e4hrleisten.<\/p>\n\n\n\n<p><\/p>\n\n\n\n<h4 class=\"wp-block-heading\">Dies sind die Bereiche, in denen Ihre Daten verwendet werden:<\/h4>\n\n\n\n<ul class=\"wp-block-list\">\n<li>Verbindungsdaten zur Website: Daten \u00fcber Ihren Browser (IP-Adresse, Name des Browsers, \u2026).<\/li>\n\n\n\n<li>Daten, die aus Formularen auf unserer Website stammen.<\/li>\n\n\n\n<li>Daten, die Sie in physischen oder digitalen Briefen an uns erhalten haben.<\/li>\n<\/ul>\n\n\n\n<p><\/p>\n\n\n\n<h3 class=\"wp-block-heading\">Wo speichern Sie meine Daten?<\/h3>\n\n\n\n<p>Ihre Daten werden auf sicheren Schweizer Servern gespeichert. Sie sind mit der neuesten Hardware-Technologie ausgestattet und werden durch die besten Schutzma\u00dfnahmen gesch\u00fctzt.<\/p>\n\n\n\n<p><\/p>\n\n\n\n<h3 class=\"wp-block-heading\">Was machen wir mit den gesammelten Daten?<\/h3>\n\n\n\n<p>Jacot Haute Chocolaterie verpflichtet sich, die gesammelten Daten nicht an Drittunternehmen zu verkaufen. Ihre Daten sind gesch\u00fctzt und werden nur im Rahmen Ihrer Beziehung zu Jacot Haute Chocolaterie verwendet.<\/p>\n\n\n\n<p><\/p>\n\n\n\n<h3 class=\"wp-block-heading\">Cookies<\/h3>\n\n\n\n<p>Dies sind kleine Dateien, die f\u00fcr eine bestimmte Zeit in Ihrem Browser gespeichert werden. Sie erm\u00f6glichen es, Ihre Navigationsdaten zu speichern, wie z. B. die Wahl der Sprache. Auf dieser Website dienen sie statistischen Zwecken, es werden keine pers\u00f6nlichen Daten jeglicher Art an juristische oder nat\u00fcrliche Personen verkauft oder weitergegeben. Diese Daten werden nur zur Analyse des Verkehrs auf unserer Website sowie zur Analyse der Sicherheit und des ordnungsgem\u00e4\u00dfen Funktionierens der Website verwendet.<\/p>\n\n\n\n<p><\/p>\n\n\n\n<h3 class=\"wp-block-heading\">Welche Rechte habe ich in Bezug auf meine Daten?<\/h3>\n\n\n\n<p>Sie k\u00f6nnen jederzeit die vollst\u00e4ndige L\u00f6schung aller Sie betreffenden Daten verlangen (Art. 17 DSGVO), dies ist das &#8222;Recht auf Vergessenwerden&#8220;.<\/p>\n\n\n\n<p>Sie k\u00f6nnen jederzeit eine &#8222;Kopie&#8220; der Sie betreffenden Daten anfordern (Art. 20 DSGVO), das ist das Recht auf &#8222;Daten\u00fcbertragbarkeit&#8220;.<\/p>\n\n\n\n<p>Die Liste der anwendbaren Gesetze finden Sie unter&nbsp;<a href=\"https:\/\/www.admin.ch\/opc\/fr\/classified-compilation\/19920153\/index.html\" target=\"_blank\" rel=\"noreferrer noopener\">la loi f\u00e9d\u00e9rale sur la protection des donn\u00e9es<\/a>.<\/p>\n\n\n\n<p>Wenn Sie eine Anfrage haben, senden Sie uns bitte eine E-Mail an die folgende Adresse <a href=\"mailto:info@jacotchocolaterie.ch\">info@jacotchocolaterie.ch<\/a>. Wir verpflichten uns, sie so schnell wie m\u00f6glich, maximal einen Monat, zu bearbeiten. Um Ihre Anfrage bearbeiten zu k\u00f6nnen, werden wir Sie um einen Identit\u00e4tsnachweis bitten, und zwar aus offensichtlichen Gr\u00fcnden des Datenschutzes und der Personenidentifikation.<\/p>\n\n\n\n<p><\/p>\n\n\n\n<h3 class=\"wp-block-heading\">Wer ist der Datenverantwortliche?<\/h3>\n\n\n\n<p>Im Sinne der geltenden Vorschriften ist Jacot Haute Chocolaterie f\u00fcr die Verarbeitung Ihrer Daten verantwortlich.<\/p>\n\n\n\n<p><\/p>\n\n\n\n<h3 class=\"wp-block-heading\">Wen kann ich kontaktieren?<\/h3>\n\n\n\n<p>Wenn du Fragen oder W\u00fcnsche zu diesen Richtlinien hast, wende dich bitte an <a href=\"mailto:info@jacotchocolaterie.ch\">info@jacotchocolaterie.ch<\/a> und wir werden dir gerne so schnell wie m\u00f6glich antworten.<\/p>\n","protected":false},"excerpt":{"rendered":"<p>Datenschutzrichtlinien Letzte Aktualisierung:&nbsp;29.06.2023 Allgemeiner Hintergrund Jacot Haute Chocolaterie legt ein besonderes Augenmerk auf den Datenschutz, um die Privatsph\u00e4re zu respektieren. Zu diesem Zweck verpflichtet sich Jacot Haute Chocolaterie,&nbsp;la loi f\u00e9d\u00e9rale sur la protection des donn\u00e9es&nbsp;sowie die&nbsp;r\u00e8glement g\u00e9n\u00e9ral europ\u00e9en sur la protection des donn\u00e9es (RGPD UE). Wie sammeln Sie meine Daten? Beim Surfen auf unserer Website [&hellip;]<\/p>\n","protected":false},"author":11,"featured_media":0,"parent":0,"menu_order":0,"comment_status":"closed","ping_status":"closed","template":"templates\/template-page.php","meta":{"_acf_changed":false,"footnotes":""},"class_list":["post-4950","page","type-page","status-publish","hentry"],"acf":[],"yoast_head":"<!-- This site is optimized with the Yoast SEO plugin v27.3 - https:\/\/yoast.com\/product\/yoast-seo-wordpress\/ -->\n<title>Datenpolitik - Jacot Haute Chocolaterie Suisse<\/title>\n<meta name=\"robots\" content=\"index, follow, max-snippet:-1, max-image-preview:large, max-video-preview:-1\" \/>\n<link rel=\"canonical\" href=\"https:\/\/jacotchocolaterie.ch\/de\/datenpolitik\/\" \/>\n<meta property=\"og:locale\" content=\"de_DE\" \/>\n<meta property=\"og:type\" content=\"article\" \/>\n<meta property=\"og:title\" content=\"Datenpolitik - Jacot Haute Chocolaterie Suisse\" \/>\n<meta property=\"og:description\" content=\"Datenschutzrichtlinien Letzte Aktualisierung:&nbsp;29.06.2023 Allgemeiner Hintergrund Jacot Haute Chocolaterie legt ein besonderes Augenmerk auf den Datenschutz, um die Privatsph\u00e4re zu respektieren. Zu diesem Zweck verpflichtet sich Jacot Haute Chocolaterie,&nbsp;la loi f\u00e9d\u00e9rale sur la protection des donn\u00e9es&nbsp;sowie die&nbsp;r\u00e8glement g\u00e9n\u00e9ral europ\u00e9en sur la protection des donn\u00e9es (RGPD UE). Wie sammeln Sie meine Daten? Beim Surfen auf unserer Website [&hellip;]\" \/>\n<meta property=\"og:url\" content=\"https:\/\/jacotchocolaterie.ch\/de\/datenpolitik\/\" \/>\n<meta property=\"og:site_name\" content=\"Jacot Haute Chocolaterie Suisse\" \/>\n<meta property=\"article:modified_time\" content=\"2023-06-29T13:58:54+00:00\" \/>\n<meta name=\"twitter:card\" content=\"summary_large_image\" \/>\n<meta name=\"twitter:label1\" content=\"Gesch\u00e4tzte Lesezeit\" \/>\n\t<meta name=\"twitter:data1\" content=\"3\u00a0Minuten\" \/>\n<script type=\"application\/ld+json\" class=\"yoast-schema-graph\">{\"@context\":\"https:\\\/\\\/schema.org\",\"@graph\":[{\"@type\":\"WebPage\",\"@id\":\"https:\\\/\\\/jacotchocolaterie.ch\\\/de\\\/datenpolitik\\\/\",\"url\":\"https:\\\/\\\/jacotchocolaterie.ch\\\/de\\\/datenpolitik\\\/\",\"name\":\"Datenpolitik - Jacot Haute Chocolaterie Suisse\",\"isPartOf\":{\"@id\":\"https:\\\/\\\/jacotchocolaterie.ch\\\/#website\"},\"datePublished\":\"2023-06-29T11:25:01+00:00\",\"dateModified\":\"2023-06-29T13:58:54+00:00\",\"breadcrumb\":{\"@id\":\"https:\\\/\\\/jacotchocolaterie.ch\\\/de\\\/datenpolitik\\\/#breadcrumb\"},\"inLanguage\":\"de\",\"potentialAction\":[{\"@type\":\"ReadAction\",\"target\":[\"https:\\\/\\\/jacotchocolaterie.ch\\\/de\\\/datenpolitik\\\/\"]}]},{\"@type\":\"BreadcrumbList\",\"@id\":\"https:\\\/\\\/jacotchocolaterie.ch\\\/de\\\/datenpolitik\\\/#breadcrumb\",\"itemListElement\":[{\"@type\":\"ListItem\",\"position\":1,\"name\":\"Accueil\",\"item\":\"https:\\\/\\\/jacotchocolaterie.ch\\\/de\\\/\"},{\"@type\":\"ListItem\",\"position\":2,\"name\":\"Datenpolitik\"}]},{\"@type\":\"WebSite\",\"@id\":\"https:\\\/\\\/jacotchocolaterie.ch\\\/#website\",\"url\":\"https:\\\/\\\/jacotchocolaterie.ch\\\/\",\"name\":\"Jacot Haute Chocolaterie Suisse\",\"description\":\"Jacot Haute Chocolaterie vous invite \u00e0 voyager au coeur de saveurs chocolat\u00e9es\",\"potentialAction\":[{\"@type\":\"SearchAction\",\"target\":{\"@type\":\"EntryPoint\",\"urlTemplate\":\"https:\\\/\\\/jacotchocolaterie.ch\\\/?s={search_term_string}\"},\"query-input\":{\"@type\":\"PropertyValueSpecification\",\"valueRequired\":true,\"valueName\":\"search_term_string\"}}],\"inLanguage\":\"de\"}]}<\/script>\n<!-- \/ Yoast SEO plugin. -->","yoast_head_json":{"title":"Datenpolitik - Jacot Haute Chocolaterie Suisse","robots":{"index":"index","follow":"follow","max-snippet":"max-snippet:-1","max-image-preview":"max-image-preview:large","max-video-preview":"max-video-preview:-1"},"canonical":"https:\/\/jacotchocolaterie.ch\/de\/datenpolitik\/","og_locale":"de_DE","og_type":"article","og_title":"Datenpolitik - Jacot Haute Chocolaterie Suisse","og_description":"Datenschutzrichtlinien Letzte Aktualisierung:&nbsp;29.06.2023 Allgemeiner Hintergrund Jacot Haute Chocolaterie legt ein besonderes Augenmerk auf den Datenschutz, um die Privatsph\u00e4re zu respektieren. Zu diesem Zweck verpflichtet sich Jacot Haute Chocolaterie,&nbsp;la loi f\u00e9d\u00e9rale sur la protection des donn\u00e9es&nbsp;sowie die&nbsp;r\u00e8glement g\u00e9n\u00e9ral europ\u00e9en sur la protection des donn\u00e9es (RGPD UE). Wie sammeln Sie meine Daten? Beim Surfen auf unserer Website [&hellip;]","og_url":"https:\/\/jacotchocolaterie.ch\/de\/datenpolitik\/","og_site_name":"Jacot Haute Chocolaterie Suisse","article_modified_time":"2023-06-29T13:58:54+00:00","twitter_card":"summary_large_image","twitter_misc":{"Gesch\u00e4tzte Lesezeit":"3\u00a0Minuten"},"schema":{"@context":"https:\/\/schema.org","@graph":[{"@type":"WebPage","@id":"https:\/\/jacotchocolaterie.ch\/de\/datenpolitik\/","url":"https:\/\/jacotchocolaterie.ch\/de\/datenpolitik\/","name":"Datenpolitik - Jacot Haute Chocolaterie Suisse","isPartOf":{"@id":"https:\/\/jacotchocolaterie.ch\/#website"},"datePublished":"2023-06-29T11:25:01+00:00","dateModified":"2023-06-29T13:58:54+00:00","breadcrumb":{"@id":"https:\/\/jacotchocolaterie.ch\/de\/datenpolitik\/#breadcrumb"},"inLanguage":"de","potentialAction":[{"@type":"ReadAction","target":["https:\/\/jacotchocolaterie.ch\/de\/datenpolitik\/"]}]},{"@type":"BreadcrumbList","@id":"https:\/\/jacotchocolaterie.ch\/de\/datenpolitik\/#breadcrumb","itemListElement":[{"@type":"ListItem","position":1,"name":"Accueil","item":"https:\/\/jacotchocolaterie.ch\/de\/"},{"@type":"ListItem","position":2,"name":"Datenpolitik"}]},{"@type":"WebSite","@id":"https:\/\/jacotchocolaterie.ch\/#website","url":"https:\/\/jacotchocolaterie.ch\/","name":"Jacot Haute Chocolaterie Suisse","description":"Jacot Haute Chocolaterie vous invite \u00e0 voyager au coeur de saveurs chocolat\u00e9es","potentialAction":[{"@type":"SearchAction","target":{"@type":"EntryPoint","urlTemplate":"https:\/\/jacotchocolaterie.ch\/?s={search_term_string}"},"query-input":{"@type":"PropertyValueSpecification","valueRequired":true,"valueName":"search_term_string"}}],"inLanguage":"de"}]}},"_links":{"self":[{"href":"https:\/\/jacotchocolaterie.ch\/de\/wp-json\/wp\/v2\/pages\/4950","targetHints":{"allow":["GET"]}}],"collection":[{"href":"https:\/\/jacotchocolaterie.ch\/de\/wp-json\/wp\/v2\/pages"}],"about":[{"href":"https:\/\/jacotchocolaterie.ch\/de\/wp-json\/wp\/v2\/types\/page"}],"author":[{"embeddable":true,"href":"https:\/\/jacotchocolaterie.ch\/de\/wp-json\/wp\/v2\/users\/11"}],"replies":[{"embeddable":true,"href":"https:\/\/jacotchocolaterie.ch\/de\/wp-json\/wp\/v2\/comments?post=4950"}],"version-history":[{"count":2,"href":"https:\/\/jacotchocolaterie.ch\/de\/wp-json\/wp\/v2\/pages\/4950\/revisions"}],"predecessor-version":[{"id":4953,"href":"https:\/\/jacotchocolaterie.ch\/de\/wp-json\/wp\/v2\/pages\/4950\/revisions\/4953"}],"wp:attachment":[{"href":"https:\/\/jacotchocolaterie.ch\/de\/wp-json\/wp\/v2\/media?parent=4950"}],"curies":[{"name":"wp","href":"https:\/\/api.w.org\/{rel}","templated":true}]}}