



{"id":4949,"date":"2023-06-29T13:25:00","date_gmt":"2023-06-29T11:25:00","guid":{"rendered":"https:\/\/jacotchocolaterie.ch\/cgv\/"},"modified":"2024-10-07T14:00:47","modified_gmt":"2024-10-07T12:00:47","slug":"geschaftsbedingungen","status":"publish","type":"page","link":"https:\/\/jacotchocolaterie.ch\/de\/geschaftsbedingungen\/","title":{"rendered":"Allgemeine Gesch\u00e4ftsbedingungen"},"content":{"rendered":"\n<p>Derni\u00e8re mise \u00e0 jour:&nbsp;29.06.2023<\/p>\n\n\n\n<h2 class=\"wp-block-heading\">Allgemeine Gesch\u00e4ftsbedingungen<\/h2>\n\n\n\n<h3 class=\"wp-block-heading\">Art. 1: Anwendungsbereich<\/h3>\n\n\n\n<p>Diese allgemeinen Verkaufs- und Lieferbedingungen gelten f\u00fcr alle Kaufvertr\u00e4ge, die \u00fcber die Internetseite <a href=\"http:\/\/www.jacotchocolaterie.ch\">www.jacotchocolaterie.ch<\/a> (im Folgenden: die Website), und sind Bestandteil dieser Vertr\u00e4ge. Diese Allgemeinen Gesch\u00e4ftsbedingungen haben Vorrang vor etwaigen Allgemeinen Gesch\u00e4ftsbedingungen des Vertragspartners.<\/p>\n\n\n\n<p>Diese Allgemeinen Gesch\u00e4ftsbedingungen k\u00f6nnen ge\u00e4ndert werden. Auf den Vertrag finden die Allgemeinen Gesch\u00e4ftsbedingungen in ihrer zum Zeitpunkt der Auftragserteilung g\u00fcltigen Fassung Anwendung.<\/p>\n\n\n\n<p><\/p>\n\n\n\n<h3 class=\"wp-block-heading\">Art. 2&nbsp;: Bestellung und Vertragsabschluss<\/h3>\n\n\n\n<p>Nur vollj\u00e4hrige und handlungsf\u00e4hige Personen k\u00f6nnen eine Bestellung \u00fcber die Website aufgeben.<\/p>\n\n\n\n<p>Nach Aufgabe der Bestellung \u00fcber die Website erh\u00e4lt der K\u00e4ufer eine Auftragsbest\u00e4tigung per E-Mail, die der Annahme des Vertragsabschlusses durch Jacot Chocolatier SA entspricht.<\/p>\n\n\n\n<p>Der Kaufvertrag bindet den K\u00e4ufer an die Firma Jacot Chocolatier SA, Rue du Pont 5 in 2103 Noiraigue.<\/p>\n\n\n\n<h3 class=\"wp-block-heading\">Art. 3&nbsp;: Preis<\/h3>\n\n\n\n<p>Die Preise verstehen sich in Schweizer Franken (CHF), inklusive Mehrwertsteuer und exklusive Versandkosten.<\/p>\n\n\n\n<p>Massgebend f\u00fcr den Vertrag sind die am Tag der Bestellung auf der Website angezeigten Preise. Es erfolgt keine R\u00fcckerstattung, wenn sich die angezeigten Preise zwischen dem Tag der Bestellung und der Lieferung \u00e4ndern.<\/p>\n\n\n\n<p>Jacot Chocolatier SA kann seine Preise jederzeit und ohne Vorank\u00fcndigung \u00e4ndern.<\/p>\n\n\n\n<h3 class=\"wp-block-heading\">Art. 4&nbsp;: Versandkosten<\/h3>\n\n\n\n<p>Die Versandkosten gehen zu Lasten des K\u00e4ufers.<\/p>\n\n\n\n<p>Im Falle von Teillieferungen (Art. 9) werden die Versandkosten nur einmal in Rechnung gestellt.<\/p>\n\n\n\n<p>Der K\u00e4ufer ist verpflichtet, bei der Eingabe seiner Kontaktdaten genaue Angaben zu machen (Stra\u00dfe, Nr., E-Mail-Adresse, Postleitzahl, Ort, Land, erforderliche Vorwahlnummern).<\/p>\n\n\n\n<p>Im Falle einer R\u00fccksendung des\/der Pakete kann Jacot Chocolatier SA dem K\u00e4ufer die damit verbundenen Kosten in Rechnung stellen.<\/p>\n\n\n\n<p>F\u00fcr die Versandtarife der Pakete und f\u00fcr Sendungen ins Ausland, bitte beziehen Sie sich auf die Lieferbedingungen (Art. 5).<\/p>\n\n\n\n<h3 class=\"wp-block-heading\">Art. 5&nbsp;: Lieferbedingungen<\/h3>\n\n\n\n<h4 class=\"wp-block-heading\">Unsere Lieferbedingungen in der Schweiz f\u00fcr Privatpersonen<\/h4>\n\n\n\n<p>Bei einem Einkauf ab CHF 75.- entfallen die Lieferkosten in der Schweiz.<\/p>\n\n\n\n<p>Bei einem Bestellwert von weniger als CHF 75.- wird eine Liefergeb\u00fchr von CHF 12.00.- erhoben.<\/p>\n\n\n\n<p>Sobald die Bestellung von unserem Team bearbeitet wurde, wird sie an die Schweizerische Post \u00fcbergeben, die die Zustellung des Pakets verwaltet.<\/p>\n\n\n\n<h4 class=\"wp-block-heading\">Unsere Lieferbedingungen in der Schweiz f\u00fcr Unternehmen<\/h4>\n\n\n\n<p>Mengenbestellungen f\u00fcr Unternehmen m\u00fcssen telefonisch oder per E-Mail erfolgen. F\u00fcr Anfragen k\u00f6nnen Sie uns unter folgender Adresse kontaktieren : <a href=\"mailto:clientsentreprises@jacotchocolaterie.ch\">clientsentreprises@jacotchocolaterie.ch<\/a>.<\/p>\n\n\n\n<h4 class=\"wp-block-heading\">Unsere Bedingungen f\u00fcr Lieferungen ins Ausland<\/h4>\n\n\n\n<p>Lieferungen ins Ausland sind m\u00f6glich, allerdings m\u00fcssen Sie die Kosten f\u00fcr die Lieferung tragen. Damit wir Ihren Bedarf ermitteln und Ihnen ein Angebot machen k\u00f6nnen, bitten wir Sie, uns unter folgender Adresse zu kontaktieren : <a href=\"mailto:e-shop@jacotchocolaterie.ch\">e-shop@jacotchocolaterie.ch<\/a>.<\/p>\n\n\n\n<h3 class=\"wp-block-heading\">Art. 6&nbsp;: Steuern und Z\u00f6lle<\/h3>\n\n\n\n<p>Bestellungen, die \u00fcber die Website von K\u00e4ufern mit Wohnsitz au\u00dferhalb der Schweiz aufgegeben werden, k\u00f6nnen eventuellen Steuern und Zollgeb\u00fchren unterliegen, die bei der Ankunft des Pakets beim Empf\u00e4nger erhoben werden.<\/p>\n\n\n\n<p>Diese Steuern und Z\u00f6lle gehen ausschlie\u00dflich zu Lasten des K\u00e4ufers und liegen in seiner alleinigen Verantwortung. Dem K\u00e4ufer wird empfohlen, sich vor der Bestellung bei den zust\u00e4ndigen Beh\u00f6rden des Landes, in dem er seinen Wohnsitz hat, zu erkundigen.<\/p>\n\n\n\n<h3 class=\"wp-block-heading\">Art. 7 : Zahlungen<\/h3>\n\n\n\n<p>Die Bezahlung der Bestellung erfolgt per Kreditkarte und Paypal.<\/p>\n\n\n\n<h3 class=\"wp-block-heading\">Art. 8&nbsp;: Frist f\u00fcr die Lieferung<\/h3>\n\n\n\n<p>Jacot Chocolatier SA bem\u00fcht sich, die Bestellungen so schnell wie m\u00f6glich zu bearbeiten. Die Lieferfristen sind jedoch rein indikativ und unverbindlich.<\/p>\n\n\n\n<p>So gibt eine eventuelle Verz\u00f6gerung dem K\u00e4ufer keinerlei Rechte, er kann den Vertrag nicht widerrufen, die Ware nicht zur\u00fcckweisen oder eine Entsch\u00e4digung oder Schadenersatz fordern.<\/p>\n\n\n\n<p>Die Richtfristen k\u00f6nnen verl\u00e4ngert werden, wenn Hindernisse auftreten, die Jacot Chocolatier SA nicht zu vertreten hat, wie h\u00f6here Gewalt, beh\u00f6rdliche Verf\u00fcgungen, Naturereignisse, Krieg, Betriebs- und Transportprobleme, Streiks, Unf\u00e4lle, Krankheit sowie versp\u00e4tete, fehlerhafte oder fehlende Lieferungen.<\/p>\n\n\n\n<h3 class=\"wp-block-heading\">Art. 9&nbsp;: Nichtverf\u00fcgbarkeit und Teillieferungen<\/h3>\n\n\n\n<p>Wenn ein oder mehrere bestellte Artikel nicht verf\u00fcgbar sind, wird Jacot Chocolatier SA den Kunden per E-Mail informieren und ihm die folgende Wahl anbieten:<\/p>\n\n\n\n<ul class=\"wp-block-list\">\n<li>Teillieferung, d.h. Versand der verf\u00fcgbaren Artikel und Zur\u00fcckstellen des\/der nicht verf\u00fcgbaren Produkts\/e;<\/li>\n\n\n\n<li>\u00c4nderung der Bestellung durch Stornierung des\/der nicht verf\u00fcgbaren Artikel(s) ;<\/li>\n\n\n\n<li>Versand der Bestellung nur, wenn alle Produkte verf\u00fcgbar sind.<\/li>\n<\/ul>\n\n\n\n<p>Es wird darauf hingewiesen, dass die Kreditkarte zum Zeitpunkt der Best\u00e4tigung der Bestellung belastet wird. Daher wird die Kreditkarte auch dann belastet, wenn ein oder mehrere Artikel nicht geliefert werden k\u00f6nnen. In einem solchen Fall und im Falle der vollst\u00e4ndigen Nichtverf\u00fcgbarkeit eines oder mehrerer Produkte werden die entsprechenden Betr\u00e4ge zur\u00fcckerstattet. Wenn alle Referenzen einer Bestellung nicht verf\u00fcgbar sind, werden der Betrag und die Versandkosten vollst\u00e4ndig zur\u00fcckerstattet.<\/p>\n\n\n\n<p>Es wird au\u00dferdem darauf hingewiesen, dass im Falle einer vor\u00fcbergehenden oder endg\u00fcltigen Nichtverf\u00fcgbarkeit eines oder mehrerer Produkte von Jacot Chocolatier SA keine Entsch\u00e4digung oder Schadensersatz geschuldet wird.<\/p>\n\n\n\n<h3 class=\"wp-block-heading\">Art. 10&nbsp;: Risikotransfers<\/h3>\n\n\n\n<p>Die Risiken gehen gem\u00e4ss Art. 185 OR mit dem Vertragsabschluss auf den K\u00e4ufer \u00fcber. Ab diesem Zeitpunkt erfolgt die Lieferung auf Risiko des K\u00e4ufers.<\/p>\n\n\n\n<h3 class=\"wp-block-heading\">Art. 11&nbsp;: Garantien<\/h3>\n\n\n\n<p>Jacot Chocolatier SA garantiert nur, dass die gelieferten Produkte mengenm\u00e4\u00dfig den bestellten Produkten entsprechen. Jede andere Garantie wird von Jacot Chocolatier SA ausdr\u00fccklich ausgeschlossen.<\/p>\n\n\n\n<p>Wenn der K\u00e4ufer bei Erhalt der Produkte feststellt, dass die gelieferten Produkte nicht den bestellten Mengen entsprechen, muss er Jacot Chocolatier SA innerhalb von 10 Tagen nach Erhalt der Bestellung per E-Mail dar\u00fcber informieren.<\/p>\n\n\n\n<p>Jacot Chocolatier SA wird dem K\u00e4ufer dann eine R\u00fccksendegenehmigung zusenden. Der K\u00e4ufer verf\u00fcgt \u00fcber eine Frist von 30 Tagen ab Erhalt der Genehmigung, um die nicht konformen Produkte zur\u00fcckzusenden. Werden die Produkte nicht innerhalb dieser Frist zur\u00fcckgesandt, wird davon ausgegangen, dass der K\u00e4ufer auf die R\u00fcckgabe der Produkte verzichtet. Jacot Chocolatier SA wird die zur\u00fcckgesandten Produkte nach Erhalt ersetzen. Falls dies nicht m\u00f6glich oder nicht mehr auf Lager ist, werden die Produkte, die nicht ersetzt werden k\u00f6nnen, zur\u00fcckerstattet.<\/p>\n\n\n\n<p>Jacot Chocolatier SA \u00fcbernimmt keine Haftung f\u00fcr direkte und indirekte Sch\u00e4den, die dem K\u00e4ufer und\/oder seinen Kunden\/Vertragspartnern im Zusammenhang mit den gelieferten Produkten entstehen.<\/p>\n\n\n\n<p>Alle auf der Website verf\u00fcgbaren Produktinformationen (insbesondere Fotos) k\u00f6nnen in gewissen Punkten vom tats\u00e4chlichen Produkt abweichen und werden daher unverbindlich ver\u00f6ffentlicht.<\/p>\n\n\n\n<p>Jacot Chocolatier SA \u00fcbernimmt keine Verantwortung f\u00fcr den Fall, dass die gelieferten Produkte nicht der Gesetzgebung des Lieferlandes entsprechen, sei es in Bezug auf die Zusammensetzung, die Zutaten, die Etikettierung oder andere Aspekte. Es obliegt dem K\u00e4ufer, sich dar\u00fcber zu informieren, ob das bestellte Produkt sowie die zul\u00e4ssigen Mengen mit den Gesetzen des Landes, in dem er seinen Wohnsitz hat, \u00fcbereinstimmen. Es werden keine R\u00fcckerstattungen oder Entsch\u00e4digungen gew\u00e4hrt, wenn die bestellten Produkte vom Zoll beschlagnahmt werden sollten. Alle diesbez\u00fcglichen Kosten, Steuern und Bu\u00dfgelder gehen ausschlie\u00dflich zu Lasten des K\u00e4ufers.<\/p>\n\n\n\n<h3 class=\"wp-block-heading\">Art. 12&nbsp;: Inhalt und Daten auf der Website<\/h3>\n\n\n\n<p>Die auf der Website enthaltenen Daten, Fotos, Informationen, Preise, Beschreibungen, Marken usw. (im Folgenden: Daten) sind das ausschlie\u00dfliche Eigentum von Jacot Chocolatier SA. Den Nutzern der Website ist es nicht gestattet, diese Daten f\u00fcr eigene Zwecke oder f\u00fcr Dritte zu verwenden, zu reproduzieren, zu kopieren, herunterzuladen oder zu ver\u00e4ndern.<\/p>\n\n\n\n<h3 class=\"wp-block-heading\">Art. 13&nbsp;: Schutz der Daten<\/h3>\n\n\n\n<p>Jacot Chocolatier SA verpflichtet sich, die pers\u00f6nlichen Daten der K\u00e4ufer in \u00dcbereinstimmung mit den Bestimmungen des Bundesgesetzes vom 19. Juni 1992 \u00fcber den Datenschutz zu behandeln.<\/p>\n\n\n\n<p>Jacot Chocolatier SA gibt pers\u00f6nliche Daten nur insoweit an Dritte weiter, als sie f\u00fcr die ordnungsgem\u00e4\u00dfe Ausf\u00fchrung der Bestellung unerl\u00e4sslich sind.<\/p>\n\n\n\n<h3 class=\"wp-block-heading\">Art. 14&nbsp;: Informationen zu Jacot Chocolatier SA<\/h3>\n\n\n\n<p>Jacot Chocolatier SA ist ein Unternehmen mit Sitz in der Rue du Pont 5 in 2103 Noiraigue, Gemeinde Val-de-Travers.<\/p>\n\n\n\n<p>Kontaktadressen :<br>&#8211;&nbsp;&nbsp;&nbsp; Email&nbsp;: <a href=\"mailto:info@jacotchocolatier.ch\">info@jacotchocolatier.ch<\/a><br>&#8211;&nbsp;&nbsp;&nbsp; Postanschrift : Jacot Chocolatier SA, Rue du Pont 5, 2103 Noiraigue, Suisse<\/p>\n\n\n\n<h3 class=\"wp-block-heading\">Art. 15: Salvatorische Klausel<\/h3>\n\n\n\n<p>Sollte eine Bestimmung dieser Allgemeinen Gesch\u00e4ftsbedingungen aus irgendeinem Grund f\u00fcr ung\u00fcltig oder nicht durchsetzbar erkl\u00e4rt werden, muss sie, soweit m\u00f6glich, angepasst statt aufgehoben werden, um die Absicht der Parteien bestm\u00f6glich zu erf\u00fcllen. In jedem Fall bleiben alle anderen Bestimmungen dieser Allgemeinen Gesch\u00e4ftsbedingungen in dem Ma\u00dfe g\u00fcltig und durchsetzbar, in dem sie damit vereinbar sind.<\/p>\n\n\n\n<h3 class=\"wp-block-heading\">Art. 16&nbsp;: Anwendbares Recht<\/h3>\n\n\n\n<p>Auf dieses \u00dcbereinkommen findet ausschlie\u00dflich das Schweizer Recht Anwendung, unter Ausschluss des \u00dcbereinkommens der Vereinten Nationen vom 11. April 1980 \u00fcber Vertr\u00e4ge \u00fcber den internationalen Warenkauf.<\/p>\n\n\n\n<h3 class=\"wp-block-heading\">Art. 17&nbsp;: For<\/h3>\n\n\n\n<p>Die ordentlichen Gerichte des Kantons Neuenburg sind ausschlie\u00dflich zust\u00e4ndig f\u00fcr alle Streitigkeiten im Zusammenhang mit der Auslegung oder Erf\u00fcllung des Kaufvertrags, die sich aus einer \u00fcber die Website aufgegebenen Bestellung ergeben.<\/p>\n\n\n\n<p>Jacot Chocolatier SA, am 29. Juni 2023.<\/p>\n","protected":false},"excerpt":{"rendered":"<p>Derni\u00e8re mise \u00e0 jour:&nbsp;29.06.2023 Allgemeine Gesch\u00e4ftsbedingungen Art. 1: Anwendungsbereich Diese allgemeinen Verkaufs- und Lieferbedingungen gelten f\u00fcr alle Kaufvertr\u00e4ge, die \u00fcber die Internetseite www.jacotchocolaterie.ch (im Folgenden: die Website), und sind Bestandteil dieser Vertr\u00e4ge. Diese Allgemeinen Gesch\u00e4ftsbedingungen haben Vorrang vor etwaigen Allgemeinen Gesch\u00e4ftsbedingungen des Vertragspartners. Diese Allgemeinen Gesch\u00e4ftsbedingungen k\u00f6nnen ge\u00e4ndert werden. Auf den Vertrag finden die Allgemeinen [&hellip;]<\/p>\n","protected":false},"author":11,"featured_media":0,"parent":0,"menu_order":0,"comment_status":"closed","ping_status":"closed","template":"templates\/template-page.php","meta":{"_acf_changed":false,"footnotes":""},"class_list":["post-4949","page","type-page","status-publish","hentry"],"acf":[],"yoast_head":"<!-- This site is optimized with the Yoast SEO plugin v27.5 - https:\/\/yoast.com\/product\/yoast-seo-wordpress\/ -->\n<title>Allgemeine Gesch\u00e4ftsbedingungen - Jacot Haute Chocolaterie Suisse<\/title>\n<meta name=\"robots\" content=\"index, follow, max-snippet:-1, max-image-preview:large, max-video-preview:-1\" \/>\n<link rel=\"canonical\" href=\"https:\/\/jacotchocolaterie.ch\/de\/geschaftsbedingungen\/\" \/>\n<meta property=\"og:locale\" content=\"de_DE\" \/>\n<meta property=\"og:type\" content=\"article\" \/>\n<meta property=\"og:title\" content=\"Allgemeine Gesch\u00e4ftsbedingungen - Jacot Haute Chocolaterie Suisse\" \/>\n<meta property=\"og:description\" content=\"Derni\u00e8re mise \u00e0 jour:&nbsp;29.06.2023 Allgemeine Gesch\u00e4ftsbedingungen Art. 1: Anwendungsbereich Diese allgemeinen Verkaufs- und Lieferbedingungen gelten f\u00fcr alle Kaufvertr\u00e4ge, die \u00fcber die Internetseite www.jacotchocolaterie.ch (im Folgenden: die Website), und sind Bestandteil dieser Vertr\u00e4ge. Diese Allgemeinen Gesch\u00e4ftsbedingungen haben Vorrang vor etwaigen Allgemeinen Gesch\u00e4ftsbedingungen des Vertragspartners. Diese Allgemeinen Gesch\u00e4ftsbedingungen k\u00f6nnen ge\u00e4ndert werden. Auf den Vertrag finden die Allgemeinen [&hellip;]\" \/>\n<meta property=\"og:url\" content=\"https:\/\/jacotchocolaterie.ch\/de\/geschaftsbedingungen\/\" \/>\n<meta property=\"og:site_name\" content=\"Jacot Haute Chocolaterie Suisse\" \/>\n<meta property=\"article:modified_time\" content=\"2024-10-07T12:00:47+00:00\" \/>\n<meta name=\"twitter:card\" content=\"summary_large_image\" \/>\n<meta name=\"twitter:label1\" content=\"Gesch\u00e4tzte Lesezeit\" \/>\n\t<meta name=\"twitter:data1\" content=\"7\u00a0Minuten\" \/>\n<script type=\"application\/ld+json\" class=\"yoast-schema-graph\">{\"@context\":\"https:\\\/\\\/schema.org\",\"@graph\":[{\"@type\":\"WebPage\",\"@id\":\"https:\\\/\\\/jacotchocolaterie.ch\\\/de\\\/geschaftsbedingungen\\\/\",\"url\":\"https:\\\/\\\/jacotchocolaterie.ch\\\/de\\\/geschaftsbedingungen\\\/\",\"name\":\"Allgemeine Gesch\u00e4ftsbedingungen - Jacot Haute Chocolaterie Suisse\",\"isPartOf\":{\"@id\":\"https:\\\/\\\/jacotchocolaterie.ch\\\/#website\"},\"datePublished\":\"2023-06-29T11:25:00+00:00\",\"dateModified\":\"2024-10-07T12:00:47+00:00\",\"breadcrumb\":{\"@id\":\"https:\\\/\\\/jacotchocolaterie.ch\\\/de\\\/geschaftsbedingungen\\\/#breadcrumb\"},\"inLanguage\":\"de\",\"potentialAction\":[{\"@type\":\"ReadAction\",\"target\":[\"https:\\\/\\\/jacotchocolaterie.ch\\\/de\\\/geschaftsbedingungen\\\/\"]}]},{\"@type\":\"BreadcrumbList\",\"@id\":\"https:\\\/\\\/jacotchocolaterie.ch\\\/de\\\/geschaftsbedingungen\\\/#breadcrumb\",\"itemListElement\":[{\"@type\":\"ListItem\",\"position\":1,\"name\":\"Accueil\",\"item\":\"https:\\\/\\\/jacotchocolaterie.ch\\\/de\\\/\"},{\"@type\":\"ListItem\",\"position\":2,\"name\":\"Allgemeine Gesch\u00e4ftsbedingungen\"}]},{\"@type\":\"WebSite\",\"@id\":\"https:\\\/\\\/jacotchocolaterie.ch\\\/#website\",\"url\":\"https:\\\/\\\/jacotchocolaterie.ch\\\/\",\"name\":\"Jacot Haute Chocolaterie Suisse\",\"description\":\"Jacot Haute Chocolaterie vous invite \u00e0 voyager au coeur de saveurs chocolat\u00e9es\",\"potentialAction\":[{\"@type\":\"SearchAction\",\"target\":{\"@type\":\"EntryPoint\",\"urlTemplate\":\"https:\\\/\\\/jacotchocolaterie.ch\\\/?s={search_term_string}\"},\"query-input\":{\"@type\":\"PropertyValueSpecification\",\"valueRequired\":true,\"valueName\":\"search_term_string\"}}],\"inLanguage\":\"de\"}]}<\/script>\n<!-- \/ Yoast SEO plugin. -->","yoast_head_json":{"title":"Allgemeine Gesch\u00e4ftsbedingungen - Jacot Haute Chocolaterie Suisse","robots":{"index":"index","follow":"follow","max-snippet":"max-snippet:-1","max-image-preview":"max-image-preview:large","max-video-preview":"max-video-preview:-1"},"canonical":"https:\/\/jacotchocolaterie.ch\/de\/geschaftsbedingungen\/","og_locale":"de_DE","og_type":"article","og_title":"Allgemeine Gesch\u00e4ftsbedingungen - Jacot Haute Chocolaterie Suisse","og_description":"Derni\u00e8re mise \u00e0 jour:&nbsp;29.06.2023 Allgemeine Gesch\u00e4ftsbedingungen Art. 1: Anwendungsbereich Diese allgemeinen Verkaufs- und Lieferbedingungen gelten f\u00fcr alle Kaufvertr\u00e4ge, die \u00fcber die Internetseite www.jacotchocolaterie.ch (im Folgenden: die Website), und sind Bestandteil dieser Vertr\u00e4ge. Diese Allgemeinen Gesch\u00e4ftsbedingungen haben Vorrang vor etwaigen Allgemeinen Gesch\u00e4ftsbedingungen des Vertragspartners. Diese Allgemeinen Gesch\u00e4ftsbedingungen k\u00f6nnen ge\u00e4ndert werden. Auf den Vertrag finden die Allgemeinen [&hellip;]","og_url":"https:\/\/jacotchocolaterie.ch\/de\/geschaftsbedingungen\/","og_site_name":"Jacot Haute Chocolaterie Suisse","article_modified_time":"2024-10-07T12:00:47+00:00","twitter_card":"summary_large_image","twitter_misc":{"Gesch\u00e4tzte Lesezeit":"7\u00a0Minuten"},"schema":{"@context":"https:\/\/schema.org","@graph":[{"@type":"WebPage","@id":"https:\/\/jacotchocolaterie.ch\/de\/geschaftsbedingungen\/","url":"https:\/\/jacotchocolaterie.ch\/de\/geschaftsbedingungen\/","name":"Allgemeine Gesch\u00e4ftsbedingungen - Jacot Haute Chocolaterie Suisse","isPartOf":{"@id":"https:\/\/jacotchocolaterie.ch\/#website"},"datePublished":"2023-06-29T11:25:00+00:00","dateModified":"2024-10-07T12:00:47+00:00","breadcrumb":{"@id":"https:\/\/jacotchocolaterie.ch\/de\/geschaftsbedingungen\/#breadcrumb"},"inLanguage":"de","potentialAction":[{"@type":"ReadAction","target":["https:\/\/jacotchocolaterie.ch\/de\/geschaftsbedingungen\/"]}]},{"@type":"BreadcrumbList","@id":"https:\/\/jacotchocolaterie.ch\/de\/geschaftsbedingungen\/#breadcrumb","itemListElement":[{"@type":"ListItem","position":1,"name":"Accueil","item":"https:\/\/jacotchocolaterie.ch\/de\/"},{"@type":"ListItem","position":2,"name":"Allgemeine Gesch\u00e4ftsbedingungen"}]},{"@type":"WebSite","@id":"https:\/\/jacotchocolaterie.ch\/#website","url":"https:\/\/jacotchocolaterie.ch\/","name":"Jacot Haute Chocolaterie Suisse","description":"Jacot Haute Chocolaterie vous invite \u00e0 voyager au coeur de saveurs chocolat\u00e9es","potentialAction":[{"@type":"SearchAction","target":{"@type":"EntryPoint","urlTemplate":"https:\/\/jacotchocolaterie.ch\/?s={search_term_string}"},"query-input":{"@type":"PropertyValueSpecification","valueRequired":true,"valueName":"search_term_string"}}],"inLanguage":"de"}]}},"_links":{"self":[{"href":"https:\/\/jacotchocolaterie.ch\/de\/wp-json\/wp\/v2\/pages\/4949","targetHints":{"allow":["GET"]}}],"collection":[{"href":"https:\/\/jacotchocolaterie.ch\/de\/wp-json\/wp\/v2\/pages"}],"about":[{"href":"https:\/\/jacotchocolaterie.ch\/de\/wp-json\/wp\/v2\/types\/page"}],"author":[{"embeddable":true,"href":"https:\/\/jacotchocolaterie.ch\/de\/wp-json\/wp\/v2\/users\/11"}],"replies":[{"embeddable":true,"href":"https:\/\/jacotchocolaterie.ch\/de\/wp-json\/wp\/v2\/comments?post=4949"}],"version-history":[{"count":3,"href":"https:\/\/jacotchocolaterie.ch\/de\/wp-json\/wp\/v2\/pages\/4949\/revisions"}],"predecessor-version":[{"id":6410,"href":"https:\/\/jacotchocolaterie.ch\/de\/wp-json\/wp\/v2\/pages\/4949\/revisions\/6410"}],"wp:attachment":[{"href":"https:\/\/jacotchocolaterie.ch\/de\/wp-json\/wp\/v2\/media?parent=4949"}],"curies":[{"name":"wp","href":"https:\/\/api.w.org\/{rel}","templated":true}]}}