



{"id":4948,"date":"2023-06-29T13:10:16","date_gmt":"2023-06-29T11:10:16","guid":{"rendered":"https:\/\/jacotchocolaterie.ch\/conditions-de-livraison\/"},"modified":"2024-10-07T14:00:21","modified_gmt":"2024-10-07T12:00:21","slug":"lieferbedingungen","status":"publish","type":"page","link":"https:\/\/jacotchocolaterie.ch\/de\/lieferbedingungen\/","title":{"rendered":"Lieferbedingungen"},"content":{"rendered":"\n<p>Letzte Aktualisierung:&nbsp;25.10.2023<\/p>\n\n\n\n<h2 class=\"wp-block-heading\">Unsere Lieferbedingungen in der Schweiz f\u00fcr Privatpersonen<\/h2>\n\n\n\n<p>Bei einem Einkauf ab CHF 75.- entfallen die Versandkosten in der Schweiz.<\/p>\n\n\n\n<p>Bei einem Bestellwert von weniger als CHF 75.- wird eine Liefergeb\u00fchr von CHF 12.00.- erhoben.<\/p>\n\n\n\n<p>Sobald die Bestellung von unserem Team bearbeitet wurde, wird sie an die Schweizerische Post \u00fcbergeben, die die Zustellung des Pakets verwaltet.<\/p>\n\n\n\n<h2 class=\"wp-block-heading\">Unsere Lieferbedingungen f\u00fcr Privatpersonen im Ausland.<\/h2>\n\n\n\n<p>F\u00fcr Privatpersonen sind unsere Lieferungen nur innerhalb der Schweiz m\u00f6glich.<\/p>\n\n\n\n<h2 class=\"wp-block-heading\">Unsere Lieferbedingungen in der Schweiz f\u00fcr Unternehmen<\/h2>\n\n\n\n<p>Mengenbestellungen f\u00fcr Unternehmen sollten telefonisch oder per E-Mail erfolgen. F\u00fcr Anfragen k\u00f6nnen Sie uns unter der Adresse : <a href=\"mailto:clientsentreprises@jacotchocolaterie.ch\">clientsentreprises@jacotchocolaterie.ch<\/a>.<\/p>\n\n\n\n<h2 class=\"wp-block-heading\">Unsere Lieferbedingungen f\u00fcr Unternehmen im Ausland<\/h2>\n\n\n\n<p>Der Versand f\u00fcr Unternehmen im Ausland ist m\u00f6glich, dennoch gehen die Liefer- und Bearbeitungskosten zu Ihren Lasten. Damit wir Ihren Bedarf ermitteln und Ihnen ein Angebot machen k\u00f6nnen, bitten wir Sie, uns unter : <a href=\"mailto:clientsentreprises@jacotchocolaterie.ch\"><a href=\"mailto:clientsentreprises@jacotchocolaterie.ch\">clientsentreprises@jacotchocolaterie.ch<\/a><\/a>.<\/p>\n","protected":false},"excerpt":{"rendered":"<p>Letzte Aktualisierung:&nbsp;25.10.2023 Unsere Lieferbedingungen in der Schweiz f\u00fcr Privatpersonen Bei einem Einkauf ab CHF 75.- entfallen die Versandkosten in der Schweiz. Bei einem Bestellwert von weniger als CHF 75.- wird eine Liefergeb\u00fchr von CHF 12.00.- erhoben. Sobald die Bestellung von unserem Team bearbeitet wurde, wird sie an die Schweizerische Post \u00fcbergeben, die die Zustellung des [&hellip;]<\/p>\n","protected":false},"author":11,"featured_media":0,"parent":0,"menu_order":0,"comment_status":"closed","ping_status":"closed","template":"templates\/template-page.php","meta":{"_acf_changed":false,"footnotes":""},"class_list":["post-4948","page","type-page","status-publish","hentry"],"acf":[],"yoast_head":"<!-- This site is optimized with the Yoast SEO plugin v27.5 - https:\/\/yoast.com\/product\/yoast-seo-wordpress\/ -->\n<title>Lieferbedingungen - Jacot Haute Chocolaterie Suisse<\/title>\n<meta name=\"robots\" content=\"index, follow, max-snippet:-1, max-image-preview:large, max-video-preview:-1\" \/>\n<link rel=\"canonical\" href=\"https:\/\/jacotchocolaterie.ch\/de\/lieferbedingungen\/\" \/>\n<meta property=\"og:locale\" content=\"de_DE\" \/>\n<meta property=\"og:type\" content=\"article\" \/>\n<meta property=\"og:title\" content=\"Lieferbedingungen - Jacot Haute Chocolaterie Suisse\" \/>\n<meta property=\"og:description\" content=\"Letzte Aktualisierung:&nbsp;25.10.2023 Unsere Lieferbedingungen in der Schweiz f\u00fcr Privatpersonen Bei einem Einkauf ab CHF 75.- entfallen die Versandkosten in der Schweiz. Bei einem Bestellwert von weniger als CHF 75.- wird eine Liefergeb\u00fchr von CHF 12.00.- erhoben. Sobald die Bestellung von unserem Team bearbeitet wurde, wird sie an die Schweizerische Post \u00fcbergeben, die die Zustellung des [&hellip;]\" \/>\n<meta property=\"og:url\" content=\"https:\/\/jacotchocolaterie.ch\/de\/lieferbedingungen\/\" \/>\n<meta property=\"og:site_name\" content=\"Jacot Haute Chocolaterie Suisse\" \/>\n<meta property=\"article:modified_time\" content=\"2024-10-07T12:00:21+00:00\" \/>\n<meta name=\"twitter:card\" content=\"summary_large_image\" \/>\n<meta name=\"twitter:label1\" content=\"Gesch\u00e4tzte Lesezeit\" \/>\n\t<meta name=\"twitter:data1\" content=\"1\u00a0Minute\" \/>\n<script type=\"application\/ld+json\" class=\"yoast-schema-graph\">{\"@context\":\"https:\\\/\\\/schema.org\",\"@graph\":[{\"@type\":\"WebPage\",\"@id\":\"https:\\\/\\\/jacotchocolaterie.ch\\\/de\\\/lieferbedingungen\\\/\",\"url\":\"https:\\\/\\\/jacotchocolaterie.ch\\\/de\\\/lieferbedingungen\\\/\",\"name\":\"Lieferbedingungen - Jacot Haute Chocolaterie Suisse\",\"isPartOf\":{\"@id\":\"https:\\\/\\\/jacotchocolaterie.ch\\\/#website\"},\"datePublished\":\"2023-06-29T11:10:16+00:00\",\"dateModified\":\"2024-10-07T12:00:21+00:00\",\"breadcrumb\":{\"@id\":\"https:\\\/\\\/jacotchocolaterie.ch\\\/de\\\/lieferbedingungen\\\/#breadcrumb\"},\"inLanguage\":\"de\",\"potentialAction\":[{\"@type\":\"ReadAction\",\"target\":[\"https:\\\/\\\/jacotchocolaterie.ch\\\/de\\\/lieferbedingungen\\\/\"]}]},{\"@type\":\"BreadcrumbList\",\"@id\":\"https:\\\/\\\/jacotchocolaterie.ch\\\/de\\\/lieferbedingungen\\\/#breadcrumb\",\"itemListElement\":[{\"@type\":\"ListItem\",\"position\":1,\"name\":\"Accueil\",\"item\":\"https:\\\/\\\/jacotchocolaterie.ch\\\/de\\\/\"},{\"@type\":\"ListItem\",\"position\":2,\"name\":\"Lieferbedingungen\"}]},{\"@type\":\"WebSite\",\"@id\":\"https:\\\/\\\/jacotchocolaterie.ch\\\/#website\",\"url\":\"https:\\\/\\\/jacotchocolaterie.ch\\\/\",\"name\":\"Jacot Haute Chocolaterie Suisse\",\"description\":\"Jacot Haute Chocolaterie vous invite \u00e0 voyager au coeur de saveurs chocolat\u00e9es\",\"potentialAction\":[{\"@type\":\"SearchAction\",\"target\":{\"@type\":\"EntryPoint\",\"urlTemplate\":\"https:\\\/\\\/jacotchocolaterie.ch\\\/?s={search_term_string}\"},\"query-input\":{\"@type\":\"PropertyValueSpecification\",\"valueRequired\":true,\"valueName\":\"search_term_string\"}}],\"inLanguage\":\"de\"}]}<\/script>\n<!-- \/ Yoast SEO plugin. -->","yoast_head_json":{"title":"Lieferbedingungen - Jacot Haute Chocolaterie Suisse","robots":{"index":"index","follow":"follow","max-snippet":"max-snippet:-1","max-image-preview":"max-image-preview:large","max-video-preview":"max-video-preview:-1"},"canonical":"https:\/\/jacotchocolaterie.ch\/de\/lieferbedingungen\/","og_locale":"de_DE","og_type":"article","og_title":"Lieferbedingungen - Jacot Haute Chocolaterie Suisse","og_description":"Letzte Aktualisierung:&nbsp;25.10.2023 Unsere Lieferbedingungen in der Schweiz f\u00fcr Privatpersonen Bei einem Einkauf ab CHF 75.- entfallen die Versandkosten in der Schweiz. Bei einem Bestellwert von weniger als CHF 75.- wird eine Liefergeb\u00fchr von CHF 12.00.- erhoben. Sobald die Bestellung von unserem Team bearbeitet wurde, wird sie an die Schweizerische Post \u00fcbergeben, die die Zustellung des [&hellip;]","og_url":"https:\/\/jacotchocolaterie.ch\/de\/lieferbedingungen\/","og_site_name":"Jacot Haute Chocolaterie Suisse","article_modified_time":"2024-10-07T12:00:21+00:00","twitter_card":"summary_large_image","twitter_misc":{"Gesch\u00e4tzte Lesezeit":"1\u00a0Minute"},"schema":{"@context":"https:\/\/schema.org","@graph":[{"@type":"WebPage","@id":"https:\/\/jacotchocolaterie.ch\/de\/lieferbedingungen\/","url":"https:\/\/jacotchocolaterie.ch\/de\/lieferbedingungen\/","name":"Lieferbedingungen - Jacot Haute Chocolaterie Suisse","isPartOf":{"@id":"https:\/\/jacotchocolaterie.ch\/#website"},"datePublished":"2023-06-29T11:10:16+00:00","dateModified":"2024-10-07T12:00:21+00:00","breadcrumb":{"@id":"https:\/\/jacotchocolaterie.ch\/de\/lieferbedingungen\/#breadcrumb"},"inLanguage":"de","potentialAction":[{"@type":"ReadAction","target":["https:\/\/jacotchocolaterie.ch\/de\/lieferbedingungen\/"]}]},{"@type":"BreadcrumbList","@id":"https:\/\/jacotchocolaterie.ch\/de\/lieferbedingungen\/#breadcrumb","itemListElement":[{"@type":"ListItem","position":1,"name":"Accueil","item":"https:\/\/jacotchocolaterie.ch\/de\/"},{"@type":"ListItem","position":2,"name":"Lieferbedingungen"}]},{"@type":"WebSite","@id":"https:\/\/jacotchocolaterie.ch\/#website","url":"https:\/\/jacotchocolaterie.ch\/","name":"Jacot Haute Chocolaterie Suisse","description":"Jacot Haute Chocolaterie vous invite \u00e0 voyager au coeur de saveurs chocolat\u00e9es","potentialAction":[{"@type":"SearchAction","target":{"@type":"EntryPoint","urlTemplate":"https:\/\/jacotchocolaterie.ch\/?s={search_term_string}"},"query-input":{"@type":"PropertyValueSpecification","valueRequired":true,"valueName":"search_term_string"}}],"inLanguage":"de"}]}},"_links":{"self":[{"href":"https:\/\/jacotchocolaterie.ch\/de\/wp-json\/wp\/v2\/pages\/4948","targetHints":{"allow":["GET"]}}],"collection":[{"href":"https:\/\/jacotchocolaterie.ch\/de\/wp-json\/wp\/v2\/pages"}],"about":[{"href":"https:\/\/jacotchocolaterie.ch\/de\/wp-json\/wp\/v2\/types\/page"}],"author":[{"embeddable":true,"href":"https:\/\/jacotchocolaterie.ch\/de\/wp-json\/wp\/v2\/users\/11"}],"replies":[{"embeddable":true,"href":"https:\/\/jacotchocolaterie.ch\/de\/wp-json\/wp\/v2\/comments?post=4948"}],"version-history":[{"count":3,"href":"https:\/\/jacotchocolaterie.ch\/de\/wp-json\/wp\/v2\/pages\/4948\/revisions"}],"predecessor-version":[{"id":6409,"href":"https:\/\/jacotchocolaterie.ch\/de\/wp-json\/wp\/v2\/pages\/4948\/revisions\/6409"}],"wp:attachment":[{"href":"https:\/\/jacotchocolaterie.ch\/de\/wp-json\/wp\/v2\/media?parent=4948"}],"curies":[{"name":"wp","href":"https:\/\/api.w.org\/{rel}","templated":true}]}}